{"id":99,"date":"2023-06-08T08:52:22","date_gmt":"2023-06-08T08:52:22","guid":{"rendered":"http:\/\/fotografsverige.se\/?page_id=99"},"modified":"2024-02-29T10:11:31","modified_gmt":"2024-02-29T10:11:31","slug":"vad-ar-en-fotograf","status":"publish","type":"page","link":"https:\/\/fotografsverige.se\/?page_id=99","title":{"rendered":"Vad \u00e4r en fotograf?"},"content":{"rendered":"\n<p>Professionell eller amat\u00f6r, b\u00e4gge gillar att fotografera. Utrustningen \u00e4r viktig men med dagens kameror som finns i telefonen har alla alltid tillg\u00e5ng till en kamera. S\u00e5 amat\u00f6ren fotograferar mer \u00e4n n\u00e5gonsin. <\/p>\n\n\n\n<p>Allt dokumenteras hela tiden. Du f\u00f6ds kommer till v\u00e4rlden och f\u00f6rmodligen tas f\u00f6rsta bilden p\u00e5 dig n\u00e4r du \u00e4r n\u00e5gra sekunder gammal. D\u00e4refter fastnar du st\u00e4ndigt p\u00e5 bild under hela livet. <\/p>\n\n\n\n<p>Redan tidigt i livet f\u00e5r du en telefon och du b\u00f6rjar sj\u00e4lv fotografera. Dina kamrater, selfies, upplevelser och s\u00e5 vidare. Allts\u00e5 alla \u00e4r p\u00e5 s\u00e5 s\u00e4tt en fotograf. <\/p>\n\n\n\n<p>N\u00e5gra har naturligtvis ett st\u00f6rre intresse \u00e4n andra av att fotografera och ur den gruppen v\u00e4xer den professionella fotografen fram. Fotografering blir till ett yrke f\u00f6r vissa, ofta med ett eget f\u00f6retag som grund. Frilansare \u00e4r en vanlig del av dessa. <\/p>\n\n\n\n<p>Jobbar ofta med att ta bilder som s\u00e4ljs till tidningar. M\u00e5nga fotografer har en egen atelj\u00e9 och fotograferar dop, br\u00f6llop, och andra festligheter. Bilderna monteras i ett album och finns i k\u00f6parens \u00e4go. <\/p>\n\n\n\n<p id=\"skolplanscher\">Naturbilder \u00e4r ofta b\u00e5de proffs och amat\u00f6rfotografens favoriter. M\u00e5nga g\u00e5nger k\u00e4nner man igen motivet, vare sig om bilden \u00e4r tagen idag eller f\u00f6r 100 \u00e5r sedan. M\u00e5nga <strong>skolplanscher<\/strong> har ocks\u00e5 naturmotiv \u00e4ven om de flesta faktiskt \u00e4r s\u00e5dana som \u00e4r tecknade och inte foton.<\/p>\n\n\n\n<p>Lapporten \u00e4r att s\u00e5dant motiv som m\u00e5nga fotograferat under olika \u00e5rstiden och med olika ljussken under en mycket l\u00e5ng tidsperiod. Alla k\u00e4nner igen bilden men den kan s\u00e4ga mycket. <\/p>\n\n\n\n<p>Allts\u00e5 en bild s\u00e4ger allt och kan bli en mycket vacker poster som kan pryda din v\u00e4gg vare sig det \u00e4r en professionell eller amat\u00f6rfotograf som tagit bilden<\/p>\n","protected":false},"excerpt":{"rendered":"<p>Professionell eller amat\u00f6r, b\u00e4gge gillar att fotografera. Utrustningen \u00e4r viktig men med dagens kameror som finns i telefonen har alla alltid tillg\u00e5ng till en kamera. S\u00e5 amat\u00f6ren fotograferar mer \u00e4n n\u00e5gonsin. Allt dokumenteras hela tiden. Du f\u00f6ds kommer till v\u00e4rlden och f\u00f6rmodligen tas f\u00f6rsta bilden p\u00e5 dig n\u00e4r du \u00e4r n\u00e5gra sekunder gammal. D\u00e4refter fastnar du st\u00e4ndigt p\u00e5 bild under hela livet. Redan tidigt i livet f\u00e5r du en telefon och du b\u00f6rjar sj\u00e4lv fotografera. Dina kamrater, selfies, upplevelser och s\u00e5 vidare. Allts\u00e5 alla \u00e4r p\u00e5 s\u00e5 s\u00e4tt en fotograf. N\u00e5gra har naturligtvis ett st\u00f6rre intresse \u00e4n andra av att fotografera och ur den gruppen v\u00e4xer den professionella fotografen fram. Fotografering blir till ett yrke f\u00f6r vissa, ofta med ett eget f\u00f6retag som grund. Frilansare \u00e4r en vanlig del av dessa. Jobbar ofta med att ta bilder som s\u00e4ljs till tidningar. M\u00e5nga fotografer har en egen atelj\u00e9 och fotograferar dop, br\u00f6llop, och andra festligheter. Bilderna monteras i ett album och finns i k\u00f6parens \u00e4go. Naturbilder \u00e4r ofta b\u00e5de proffs och amat\u00f6rfotografens favoriter. M\u00e5nga g\u00e5nger k\u00e4nner man igen motivet, vare sig om bilden \u00e4r tagen idag eller f\u00f6r 100 \u00e5r sedan. M\u00e5nga skolplanscher har ocks\u00e5 naturmotiv \u00e4ven om de flesta faktiskt \u00e4r s\u00e5dana som \u00e4r tecknade och inte foton. Lapporten \u00e4r att s\u00e5dant motiv som m\u00e5nga fotograferat under olika \u00e5rstiden och med olika ljussken under en mycket l\u00e5ng tidsperiod. Alla k\u00e4nner igen bilden men den kan s\u00e4ga mycket. Allts\u00e5 en bild s\u00e4ger allt och kan bli en mycket vacker poster som kan pryda din v\u00e4gg vare sig det \u00e4r en professionell eller amat\u00f6rfotograf som tagit bilden<\/p>\n","protected":false},"author":1,"featured_media":100,"parent":0,"menu_order":0,"comment_status":"closed","ping_status":"closed","template":"","meta":[],"_links":{"self":[{"href":"https:\/\/fotografsverige.se\/index.php?rest_route=\/wp\/v2\/pages\/99"}],"collection":[{"href":"https:\/\/fotografsverige.se\/index.php?rest_route=\/wp\/v2\/pages"}],"about":[{"href":"https:\/\/fotografsverige.se\/index.php?rest_route=\/wp\/v2\/types\/page"}],"author":[{"embeddable":true,"href":"https:\/\/fotografsverige.se\/index.php?rest_route=\/wp\/v2\/users\/1"}],"replies":[{"embeddable":true,"href":"https:\/\/fotografsverige.se\/index.php?rest_route=%2Fwp%2Fv2%2Fcomments&post=99"}],"version-history":[{"count":4,"href":"https:\/\/fotografsverige.se\/index.php?rest_route=\/wp\/v2\/pages\/99\/revisions"}],"predecessor-version":[{"id":106,"href":"https:\/\/fotografsverige.se\/index.php?rest_route=\/wp\/v2\/pages\/99\/revisions\/106"}],"wp:featuredmedia":[{"embeddable":true,"href":"https:\/\/fotografsverige.se\/index.php?rest_route=\/wp\/v2\/media\/100"}],"wp:attachment":[{"href":"https:\/\/fotografsverige.se\/index.php?rest_route=%2Fwp%2Fv2%2Fmedia&parent=99"}],"curies":[{"name":"wp","href":"https:\/\/api.w.org\/{rel}","templated":true}]}}