{"id":56,"date":"2019-08-13T12:41:20","date_gmt":"2019-08-13T12:41:20","guid":{"rendered":"http:\/\/fotografsverige.se\/?page_id=56"},"modified":"2019-08-13T12:41:20","modified_gmt":"2019-08-13T12:41:20","slug":"fotograf-kalix","status":"publish","type":"page","link":"https:\/\/fotografsverige.se\/?page_id=56","title":{"rendered":"Fotograf Kalix"},"content":{"rendered":"\n<p>I Norrbotten ligger Kalix, staden d\u00e4r man b\u00f6rjade bryta och bearbeta malm omkring \u00e5r 1660.<\/p>\n\n\n\n<p>I den vackra sk\u00e4rg\u00e5rd har du n\u00e4rheten till naturen som lockar m\u00e5nga till aktiviteter utomhus. Kalix sk\u00e4rg\u00e5rd best\u00e5r av 792 \u00f6ar. H\u00e4r kan du uppleva allt fr\u00e5n stensk\u00e4r till sandstr\u00e4nder. Kontrasten mellan underbara sommarkv\u00e4llar med solen \u00f6ver horisonten och o\u00e4ndliga islandskap p\u00e5 vintern m\u00e5ste upplevas. Ta med din fotograf ut i sk\u00e4rg\u00e5rden f\u00f6r en lyckad fotografering!<\/p>\n\n\n\n<p>I Kalix centrum finner du ett brett utbud av restauranger, butiker och aktiviteter.<\/p>\n\n\n\n<p>Ortens st\u00f6rsta sev\u00e4rdhet \u00e4r idag den senmedeltida stenkyrkan, Nederkalix kyrka, som \u00e4r Sveriges nordligaste medeltidskyrka.<\/p>\n","protected":false},"excerpt":{"rendered":"<p>I Norrbotten ligger Kalix, staden d\u00e4r man b\u00f6rjade bryta och bearbeta malm omkring \u00e5r 1660. I den vackra sk\u00e4rg\u00e5rd har du n\u00e4rheten till naturen som lockar m\u00e5nga till aktiviteter utomhus. Kalix sk\u00e4rg\u00e5rd best\u00e5r av 792 \u00f6ar. H\u00e4r kan du uppleva allt fr\u00e5n stensk\u00e4r till sandstr\u00e4nder. Kontrasten mellan underbara sommarkv\u00e4llar med solen \u00f6ver horisonten och o\u00e4ndliga islandskap p\u00e5 vintern m\u00e5ste upplevas. Ta med din fotograf ut i sk\u00e4rg\u00e5rden f\u00f6r en lyckad fotografering! I Kalix centrum finner du ett brett utbud av restauranger, butiker och aktiviteter. Ortens st\u00f6rsta sev\u00e4rdhet \u00e4r idag den senmedeltida stenkyrkan, Nederkalix kyrka, som \u00e4r Sveriges nordligaste medeltidskyrka.<\/p>\n","protected":false},"author":1,"featured_media":0,"parent":0,"menu_order":0,"comment_status":"closed","ping_status":"closed","template":"","meta":[],"_links":{"self":[{"href":"https:\/\/fotografsverige.se\/index.php?rest_route=\/wp\/v2\/pages\/56"}],"collection":[{"href":"https:\/\/fotografsverige.se\/index.php?rest_route=\/wp\/v2\/pages"}],"about":[{"href":"https:\/\/fotografsverige.se\/index.php?rest_route=\/wp\/v2\/types\/page"}],"author":[{"embeddable":true,"href":"https:\/\/fotografsverige.se\/index.php?rest_route=\/wp\/v2\/users\/1"}],"replies":[{"embeddable":true,"href":"https:\/\/fotografsverige.se\/index.php?rest_route=%2Fwp%2Fv2%2Fcomments&post=56"}],"version-history":[{"count":1,"href":"https:\/\/fotografsverige.se\/index.php?rest_route=\/wp\/v2\/pages\/56\/revisions"}],"predecessor-version":[{"id":57,"href":"https:\/\/fotografsverige.se\/index.php?rest_route=\/wp\/v2\/pages\/56\/revisions\/57"}],"wp:attachment":[{"href":"https:\/\/fotografsverige.se\/index.php?rest_route=%2Fwp%2Fv2%2Fmedia&parent=56"}],"curies":[{"name":"wp","href":"https:\/\/api.w.org\/{rel}","templated":true}]}}