{"id":54,"date":"2019-08-13T12:41:00","date_gmt":"2019-08-13T12:41:00","guid":{"rendered":"http:\/\/fotografsverige.se\/?page_id=54"},"modified":"2019-08-13T12:41:00","modified_gmt":"2019-08-13T12:41:00","slug":"fotograf-alvesta","status":"publish","type":"page","link":"https:\/\/fotografsverige.se\/?page_id=54","title":{"rendered":"Fotograf Alvesta"},"content":{"rendered":"\n<p>I de djupa sm\u00e5l\u00e4ndska skogarna finner du staden och j\u00e4rnv\u00e4gsknuten Alvesta. Hit kan du ta dig fr\u00e5n landets alla h\u00f6rn men \u00e4ven med direktt\u00e5g fr\u00e5n K\u00f6penhamn.<\/p>\n\n\n\n<p>H\u00e4r kan du uppleva fantastisk natur med allt fr\u00e5n vandringsleder till en 60-talspark.<\/p>\n\n\n\n<p>Strax utanf\u00f6r Alvesta ligger Tyrolen. En v\u00e4lbevarad park i 60-talets anda med allt fr\u00e5n dansbana till korvkiosk. H\u00e4r anordnas allt fr\u00e5n olles onsdagar med veteranbilsutst\u00e4llning till muskelrockfestival som lockar m\u00e4ngder av m\u00e4nniskor till den lilla orten.<\/p>\n\n\n\n<p>Fr\u00e5n Alvesta kan du \u00e4ven vandra en bit p\u00e5 V\u00e4stra Sigfridsleden som \u00e4r en del av den ber\u00f6mda Pilgrimsleden som str\u00e4cker sig mellan Santiago de Compostela i norra Spanien och Trondheim i Norge.<\/p>\n\n\n\n<p>Vad lockar ditt intresse b\u00e4st och vart vill du bli fotograferad av din fotograf?<\/p>\n","protected":false},"excerpt":{"rendered":"<p>I de djupa sm\u00e5l\u00e4ndska skogarna finner du staden och j\u00e4rnv\u00e4gsknuten Alvesta. Hit kan du ta dig fr\u00e5n landets alla h\u00f6rn men \u00e4ven med direktt\u00e5g fr\u00e5n K\u00f6penhamn. H\u00e4r kan du uppleva fantastisk natur med allt fr\u00e5n vandringsleder till en 60-talspark. Strax utanf\u00f6r Alvesta ligger Tyrolen. En v\u00e4lbevarad park i 60-talets anda med allt fr\u00e5n dansbana till korvkiosk. H\u00e4r anordnas allt fr\u00e5n olles onsdagar med veteranbilsutst\u00e4llning till muskelrockfestival som lockar m\u00e4ngder av m\u00e4nniskor till den lilla orten. Fr\u00e5n Alvesta kan du \u00e4ven vandra en bit p\u00e5 V\u00e4stra Sigfridsleden som \u00e4r en del av den ber\u00f6mda Pilgrimsleden som str\u00e4cker sig mellan Santiago de Compostela i norra Spanien och Trondheim i Norge. Vad lockar ditt intresse b\u00e4st och vart vill du bli fotograferad av din fotograf?<\/p>\n","protected":false},"author":1,"featured_media":0,"parent":0,"menu_order":0,"comment_status":"closed","ping_status":"closed","template":"","meta":[],"_links":{"self":[{"href":"https:\/\/fotografsverige.se\/index.php?rest_route=\/wp\/v2\/pages\/54"}],"collection":[{"href":"https:\/\/fotografsverige.se\/index.php?rest_route=\/wp\/v2\/pages"}],"about":[{"href":"https:\/\/fotografsverige.se\/index.php?rest_route=\/wp\/v2\/types\/page"}],"author":[{"embeddable":true,"href":"https:\/\/fotografsverige.se\/index.php?rest_route=\/wp\/v2\/users\/1"}],"replies":[{"embeddable":true,"href":"https:\/\/fotografsverige.se\/index.php?rest_route=%2Fwp%2Fv2%2Fcomments&post=54"}],"version-history":[{"count":1,"href":"https:\/\/fotografsverige.se\/index.php?rest_route=\/wp\/v2\/pages\/54\/revisions"}],"predecessor-version":[{"id":55,"href":"https:\/\/fotografsverige.se\/index.php?rest_route=\/wp\/v2\/pages\/54\/revisions\/55"}],"wp:attachment":[{"href":"https:\/\/fotografsverige.se\/index.php?rest_route=%2Fwp%2Fv2%2Fmedia&parent=54"}],"curies":[{"name":"wp","href":"https:\/\/api.w.org\/{rel}","templated":true}]}}