{"id":52,"date":"2019-08-13T12:40:37","date_gmt":"2019-08-13T12:40:37","guid":{"rendered":"http:\/\/fotografsverige.se\/?page_id=52"},"modified":"2019-08-13T12:40:37","modified_gmt":"2019-08-13T12:40:37","slug":"fotograf-avesta","status":"publish","type":"page","link":"https:\/\/fotografsverige.se\/?page_id=52","title":{"rendered":"Fotograf Avesta"},"content":{"rendered":"\n<p>Utmed Dal\u00e4lven i s\u00f6dra Dalarna finner du Avesta. En stad d\u00e4r du v\u00e4lkomnas av den 13 meter h\u00f6ga Dalah\u00e4sten som invigdes 1989.<\/p>\n\n\n\n<p>Avesta \u00e4r en stad med allt fr\u00e5n skatepark och enorma mynt till urtidsdjuret visenten.<\/p>\n\n\n\n<p>Visent eller europeisk bison \u00e4r en av de tv\u00e5 idag levande arterna i sl\u00e4ktet Bison. Den \u00e4r i j\u00e4mf\u00f6relse med sin amerikanska sl\u00e4kting bisonoxen mindre i storlek, har n\u00e5got l\u00e4ngre svans och kortare p\u00e4ls. Passa p\u00e5 att l\u00e5ta din fotograf fotografera dig ihop med det kraftfulla djuret.<\/p>\n\n\n\n<p>Orten \u00e4r fr\u00e4mst k\u00e4nd f\u00f6r sin j\u00e4rn- och st\u00e5lindustri, men har \u00e4ven haft kopparindustri och myntverk. V\u00e4rldens st\u00f6rsta mynt, ett tiodalers pl\u00e5tmynt \u00e0 19,7 kg, \u00e4r tillverkat i Avesta och finns att besk\u00e5da p\u00e5 ortens myntmuseum.&nbsp;Den v\u00e4rldsk\u00e4nde speedwayf\u00f6raren Tony Rickardsson \u00e4r uppv\u00e4xt&nbsp;h\u00e4r.<\/p>\n","protected":false},"excerpt":{"rendered":"<p>Utmed Dal\u00e4lven i s\u00f6dra Dalarna finner du Avesta. En stad d\u00e4r du v\u00e4lkomnas av den 13 meter h\u00f6ga Dalah\u00e4sten som invigdes 1989. Avesta \u00e4r en stad med allt fr\u00e5n skatepark och enorma mynt till urtidsdjuret visenten. Visent eller europeisk bison \u00e4r en av de tv\u00e5 idag levande arterna i sl\u00e4ktet Bison. Den \u00e4r i j\u00e4mf\u00f6relse med sin amerikanska sl\u00e4kting bisonoxen mindre i storlek, har n\u00e5got l\u00e4ngre svans och kortare p\u00e4ls. Passa p\u00e5 att l\u00e5ta din fotograf fotografera dig ihop med det kraftfulla djuret. Orten \u00e4r fr\u00e4mst k\u00e4nd f\u00f6r sin j\u00e4rn- och st\u00e5lindustri, men har \u00e4ven haft kopparindustri och myntverk. V\u00e4rldens st\u00f6rsta mynt, ett tiodalers pl\u00e5tmynt \u00e0 19,7 kg, \u00e4r tillverkat i Avesta och finns att besk\u00e5da p\u00e5 ortens myntmuseum.&nbsp;Den v\u00e4rldsk\u00e4nde speedwayf\u00f6raren Tony Rickardsson \u00e4r uppv\u00e4xt&nbsp;h\u00e4r.<\/p>\n","protected":false},"author":1,"featured_media":0,"parent":0,"menu_order":0,"comment_status":"closed","ping_status":"closed","template":"","meta":[],"_links":{"self":[{"href":"https:\/\/fotografsverige.se\/index.php?rest_route=\/wp\/v2\/pages\/52"}],"collection":[{"href":"https:\/\/fotografsverige.se\/index.php?rest_route=\/wp\/v2\/pages"}],"about":[{"href":"https:\/\/fotografsverige.se\/index.php?rest_route=\/wp\/v2\/types\/page"}],"author":[{"embeddable":true,"href":"https:\/\/fotografsverige.se\/index.php?rest_route=\/wp\/v2\/users\/1"}],"replies":[{"embeddable":true,"href":"https:\/\/fotografsverige.se\/index.php?rest_route=%2Fwp%2Fv2%2Fcomments&post=52"}],"version-history":[{"count":1,"href":"https:\/\/fotografsverige.se\/index.php?rest_route=\/wp\/v2\/pages\/52\/revisions"}],"predecessor-version":[{"id":53,"href":"https:\/\/fotografsverige.se\/index.php?rest_route=\/wp\/v2\/pages\/52\/revisions\/53"}],"wp:attachment":[{"href":"https:\/\/fotografsverige.se\/index.php?rest_route=%2Fwp%2Fv2%2Fmedia&parent=52"}],"curies":[{"name":"wp","href":"https:\/\/api.w.org\/{rel}","templated":true}]}}