{"id":50,"date":"2019-08-13T12:40:01","date_gmt":"2019-08-13T12:40:01","guid":{"rendered":"http:\/\/fotografsverige.se\/?page_id=50"},"modified":"2019-08-13T12:40:01","modified_gmt":"2019-08-13T12:40:01","slug":"fotograf-laholm","status":"publish","type":"page","link":"https:\/\/fotografsverige.se\/?page_id=50","title":{"rendered":"Fotograf Laholm"},"content":{"rendered":"\n<p>Staden Laholm finner du vid Hallands kust och hit reser m\u00e5nga under sommaren f\u00f6r det salta havsbad i Mellbystrand och Skummesl\u00f6vsstrand.<\/p>\n\n\n\n<p>De \u00e4ldsta delarna av Laholm \u00e4r en njutning f\u00f6r \u00f6gat med sina l\u00e5ga hus och slingrande gr\u00e4nder. Stadsdelen p\u00e5minner i sin planering om dansk medeltid men kan ocks\u00e5 ge en spegling av hur sm\u00e5st\u00e4derna s\u00e5g ut i norra Tyskland.<\/p>\n\n\n\n<p>Gamleby i Laholm \u00e4r en plats med mycket konst i utomhusmilj\u00f6 skapad under 1900-talets b\u00f6rjan. H\u00e4r finns vid r\u00e5dhuset Stig Blombergs konstverk Riddarspelet, som \u00e4r ett minne om freden i Laholm 1278, d\u00e5 Magnus Ladul\u00e5s m\u00f6tte danske konungen Erik Glipping. H\u00e4r finner du \u00e4ven S:t Clemens kyrka med dess medeltidstorn, korf\u00f6nster och takm\u00e5lningar av Einar Forseth.<\/p>\n\n\n\n<p>L\u00e5t dina bilder inspireras av stadens historia. Ta hj\u00e4lp av din fotograf!<\/p>\n","protected":false},"excerpt":{"rendered":"<p>Staden Laholm finner du vid Hallands kust och hit reser m\u00e5nga under sommaren f\u00f6r det salta havsbad i Mellbystrand och Skummesl\u00f6vsstrand. De \u00e4ldsta delarna av Laholm \u00e4r en njutning f\u00f6r \u00f6gat med sina l\u00e5ga hus och slingrande gr\u00e4nder. Stadsdelen p\u00e5minner i sin planering om dansk medeltid men kan ocks\u00e5 ge en spegling av hur sm\u00e5st\u00e4derna s\u00e5g ut i norra Tyskland. Gamleby i Laholm \u00e4r en plats med mycket konst i utomhusmilj\u00f6 skapad under 1900-talets b\u00f6rjan. H\u00e4r finns vid r\u00e5dhuset Stig Blombergs konstverk Riddarspelet, som \u00e4r ett minne om freden i Laholm 1278, d\u00e5 Magnus Ladul\u00e5s m\u00f6tte danske konungen Erik Glipping. H\u00e4r finner du \u00e4ven S:t Clemens kyrka med dess medeltidstorn, korf\u00f6nster och takm\u00e5lningar av Einar Forseth. L\u00e5t dina bilder inspireras av stadens historia. Ta hj\u00e4lp av din fotograf!<\/p>\n","protected":false},"author":1,"featured_media":0,"parent":0,"menu_order":0,"comment_status":"closed","ping_status":"closed","template":"","meta":[],"_links":{"self":[{"href":"https:\/\/fotografsverige.se\/index.php?rest_route=\/wp\/v2\/pages\/50"}],"collection":[{"href":"https:\/\/fotografsverige.se\/index.php?rest_route=\/wp\/v2\/pages"}],"about":[{"href":"https:\/\/fotografsverige.se\/index.php?rest_route=\/wp\/v2\/types\/page"}],"author":[{"embeddable":true,"href":"https:\/\/fotografsverige.se\/index.php?rest_route=\/wp\/v2\/users\/1"}],"replies":[{"embeddable":true,"href":"https:\/\/fotografsverige.se\/index.php?rest_route=%2Fwp%2Fv2%2Fcomments&post=50"}],"version-history":[{"count":1,"href":"https:\/\/fotografsverige.se\/index.php?rest_route=\/wp\/v2\/pages\/50\/revisions"}],"predecessor-version":[{"id":51,"href":"https:\/\/fotografsverige.se\/index.php?rest_route=\/wp\/v2\/pages\/50\/revisions\/51"}],"wp:attachment":[{"href":"https:\/\/fotografsverige.se\/index.php?rest_route=%2Fwp%2Fv2%2Fmedia&parent=50"}],"curies":[{"name":"wp","href":"https:\/\/api.w.org\/{rel}","templated":true}]}}