{"id":48,"date":"2019-08-13T12:39:35","date_gmt":"2019-08-13T12:39:35","guid":{"rendered":"http:\/\/fotografsverige.se\/?page_id=48"},"modified":"2019-08-13T12:39:35","modified_gmt":"2019-08-13T12:39:35","slug":"fotograf-ulricehamn","status":"publish","type":"page","link":"https:\/\/fotografsverige.se\/?page_id=48","title":{"rendered":"Fotograf Ulricehamn"},"content":{"rendered":"\n<p>I V\u00e4sterg\u00f6tland vid sj\u00f6n \u00c5sunden finner du staden Ulricehamn. Fram tills 1741 hette staden Bogesund men n\u00e4r drottning Ulrika skulle komma p\u00e5 bes\u00f6k ville man imponera och d\u00f6pte omstaden.<\/p>\n\n\n\n<p>F\u00f6rfattarinnan Birgit Th Sparre har gjort Ulricehamnsbygden v\u00e4lk\u00e4nd genom sin romansvit G\u00e5rdarna runt sj\u00f6n.<\/p>\n\n\n\n<p>Slaget p\u00e5 \u00c5sundens is utspelades den 19 januari 1520. En svensk styrka under riksf\u00f6rest\u00e5ndaren Sten Sture den yngre f\u00f6rlorade slaget mot Kristian II och hans danska arm\u00e9. Sten Sture s\u00e5rades d\u00f6dligt av en kanonkula som studsade upp fr\u00e5n isen och tr\u00e4ffade honom strax ovanf\u00f6r ena kn\u00e4et, skottet d\u00f6dade ocks\u00e5 hans h\u00e4st. Det f\u00f6rlorade slaget fick l\u00e5ngtg\u00e5ende konsekvenser f\u00f6r den politiska utvecklingen i Sverige och idag \u00e4r den ekbevuxna platsen Skottek vid \u00c5sundens \u00f6stra strand en minnesplats f\u00f6r h\u00e4ndelsen. L\u00e5t dig f\u00f6rf\u00f6ras av den vackra naturen kring \u00c5sunden, h\u00e4r finner du m\u00e5nga t\u00e4nkv\u00e4rda platser f\u00f6r din fotograf att fotografera p\u00e5.<br><\/p>\n","protected":false},"excerpt":{"rendered":"<p>I V\u00e4sterg\u00f6tland vid sj\u00f6n \u00c5sunden finner du staden Ulricehamn. Fram tills 1741 hette staden Bogesund men n\u00e4r drottning Ulrika skulle komma p\u00e5 bes\u00f6k ville man imponera och d\u00f6pte omstaden. F\u00f6rfattarinnan Birgit Th Sparre har gjort Ulricehamnsbygden v\u00e4lk\u00e4nd genom sin romansvit G\u00e5rdarna runt sj\u00f6n. Slaget p\u00e5 \u00c5sundens is utspelades den 19 januari 1520. En svensk styrka under riksf\u00f6rest\u00e5ndaren Sten Sture den yngre f\u00f6rlorade slaget mot Kristian II och hans danska arm\u00e9. Sten Sture s\u00e5rades d\u00f6dligt av en kanonkula som studsade upp fr\u00e5n isen och tr\u00e4ffade honom strax ovanf\u00f6r ena kn\u00e4et, skottet d\u00f6dade ocks\u00e5 hans h\u00e4st. Det f\u00f6rlorade slaget fick l\u00e5ngtg\u00e5ende konsekvenser f\u00f6r den politiska utvecklingen i Sverige och idag \u00e4r den ekbevuxna platsen Skottek vid \u00c5sundens \u00f6stra strand en minnesplats f\u00f6r h\u00e4ndelsen. L\u00e5t dig f\u00f6rf\u00f6ras av den vackra naturen kring \u00c5sunden, h\u00e4r finner du m\u00e5nga t\u00e4nkv\u00e4rda platser f\u00f6r din fotograf att fotografera p\u00e5.<\/p>\n","protected":false},"author":1,"featured_media":0,"parent":0,"menu_order":0,"comment_status":"closed","ping_status":"closed","template":"","meta":[],"_links":{"self":[{"href":"https:\/\/fotografsverige.se\/index.php?rest_route=\/wp\/v2\/pages\/48"}],"collection":[{"href":"https:\/\/fotografsverige.se\/index.php?rest_route=\/wp\/v2\/pages"}],"about":[{"href":"https:\/\/fotografsverige.se\/index.php?rest_route=\/wp\/v2\/types\/page"}],"author":[{"embeddable":true,"href":"https:\/\/fotografsverige.se\/index.php?rest_route=\/wp\/v2\/users\/1"}],"replies":[{"embeddable":true,"href":"https:\/\/fotografsverige.se\/index.php?rest_route=%2Fwp%2Fv2%2Fcomments&post=48"}],"version-history":[{"count":1,"href":"https:\/\/fotografsverige.se\/index.php?rest_route=\/wp\/v2\/pages\/48\/revisions"}],"predecessor-version":[{"id":49,"href":"https:\/\/fotografsverige.se\/index.php?rest_route=\/wp\/v2\/pages\/48\/revisions\/49"}],"wp:attachment":[{"href":"https:\/\/fotografsverige.se\/index.php?rest_route=%2Fwp%2Fv2%2Fmedia&parent=48"}],"curies":[{"name":"wp","href":"https:\/\/api.w.org\/{rel}","templated":true}]}}