{"id":42,"date":"2019-08-13T12:38:05","date_gmt":"2019-08-13T12:38:05","guid":{"rendered":"http:\/\/fotografsverige.se\/?page_id=42"},"modified":"2019-08-13T12:38:05","modified_gmt":"2019-08-13T12:38:05","slug":"fotograf-ludvika","status":"publish","type":"page","link":"https:\/\/fotografsverige.se\/?page_id=42","title":{"rendered":"Fotograf Ludvika"},"content":{"rendered":"\n<p>Vid sj\u00f6n V\u00e4sman i V\u00e4sterbergslagen i s\u00f6dra Dalarna ligger Ludvika. Staden&nbsp;\u00e4r en del av Dalarna som pr\u00e4glats av bergsbruket. Koppar, silver och framf\u00f6r allt j\u00e4rnmalmen var en f\u00f6ruts\u00e4ttning f\u00f6r att m\u00e4nniskor skulle bos\u00e4tta sig h\u00e4r.<\/p>\n\n\n\n<p>Ludvik gammelg\u00e5rd \u00e4r en hembygdsg\u00e5rd och ett friluftsmuseum i Ludvika. H\u00e4r finns en bergsmansg\u00e5rd med tillh\u00f6rande byggnader. Vid Ludvika Gammelg\u00e5rd finns \u00e4ven ett gruvmuseum och en fungerande konstg\u00e5ng. Det stora vattenhjulet, \u00d6stanberghjulet, har blivit Gammelg\u00e5rdens monument och \u201cvarum\u00e4rke\u201d. &nbsp;H\u00e4r \u00e4r en fin plats f\u00f6r en fotograf att f\u00e5nga en del av Sveriges historia.<\/p>\n\n\n\n<p>I maj 2014 invigdes en ny g\u00e5ng- och cykelbro kallad \u201dEntr\u00e9 Ludvika\u201d. Bron sp\u00e4nner fr\u00e5n Storgatan \u00f6ver Bergslagsgatan och sp\u00e5romr\u00e5det till parkomr\u00e5det vid Ludvikas hamn och V\u00e4smanstranden. Bron \u00e4r 183 meter l\u00e5ng och tillverkad av h\u00f6gh\u00e5llfast st\u00e5l. Bron v\u00e4ger 144 ton och best\u00e5r av 18-24 meter l\u00e5nga st\u00e5lsektioner. Brobanan skyddas av ett v\u00e4lvt tak.<\/p>\n","protected":false},"excerpt":{"rendered":"<p>Vid sj\u00f6n V\u00e4sman i V\u00e4sterbergslagen i s\u00f6dra Dalarna ligger Ludvika. Staden&nbsp;\u00e4r en del av Dalarna som pr\u00e4glats av bergsbruket. Koppar, silver och framf\u00f6r allt j\u00e4rnmalmen var en f\u00f6ruts\u00e4ttning f\u00f6r att m\u00e4nniskor skulle bos\u00e4tta sig h\u00e4r. Ludvik gammelg\u00e5rd \u00e4r en hembygdsg\u00e5rd och ett friluftsmuseum i Ludvika. H\u00e4r finns en bergsmansg\u00e5rd med tillh\u00f6rande byggnader. Vid Ludvika Gammelg\u00e5rd finns \u00e4ven ett gruvmuseum och en fungerande konstg\u00e5ng. Det stora vattenhjulet, \u00d6stanberghjulet, har blivit Gammelg\u00e5rdens monument och \u201cvarum\u00e4rke\u201d. &nbsp;H\u00e4r \u00e4r en fin plats f\u00f6r en fotograf att f\u00e5nga en del av Sveriges historia. I maj 2014 invigdes en ny g\u00e5ng- och cykelbro kallad \u201dEntr\u00e9 Ludvika\u201d. Bron sp\u00e4nner fr\u00e5n Storgatan \u00f6ver Bergslagsgatan och sp\u00e5romr\u00e5det till parkomr\u00e5det vid Ludvikas hamn och V\u00e4smanstranden. Bron \u00e4r 183 meter l\u00e5ng och tillverkad av h\u00f6gh\u00e5llfast st\u00e5l. Bron v\u00e4ger 144 ton och best\u00e5r av 18-24 meter l\u00e5nga st\u00e5lsektioner. Brobanan skyddas av ett v\u00e4lvt tak.<\/p>\n","protected":false},"author":1,"featured_media":0,"parent":0,"menu_order":0,"comment_status":"closed","ping_status":"closed","template":"","meta":[],"_links":{"self":[{"href":"https:\/\/fotografsverige.se\/index.php?rest_route=\/wp\/v2\/pages\/42"}],"collection":[{"href":"https:\/\/fotografsverige.se\/index.php?rest_route=\/wp\/v2\/pages"}],"about":[{"href":"https:\/\/fotografsverige.se\/index.php?rest_route=\/wp\/v2\/types\/page"}],"author":[{"embeddable":true,"href":"https:\/\/fotografsverige.se\/index.php?rest_route=\/wp\/v2\/users\/1"}],"replies":[{"embeddable":true,"href":"https:\/\/fotografsverige.se\/index.php?rest_route=%2Fwp%2Fv2%2Fcomments&post=42"}],"version-history":[{"count":1,"href":"https:\/\/fotografsverige.se\/index.php?rest_route=\/wp\/v2\/pages\/42\/revisions"}],"predecessor-version":[{"id":43,"href":"https:\/\/fotografsverige.se\/index.php?rest_route=\/wp\/v2\/pages\/42\/revisions\/43"}],"wp:attachment":[{"href":"https:\/\/fotografsverige.se\/index.php?rest_route=%2Fwp%2Fv2%2Fmedia&parent=42"}],"curies":[{"name":"wp","href":"https:\/\/api.w.org\/{rel}","templated":true}]}}