{"id":38,"date":"2019-08-13T12:36:05","date_gmt":"2019-08-13T12:36:05","guid":{"rendered":"http:\/\/fotografsverige.se\/?page_id=38"},"modified":"2019-08-13T12:36:05","modified_gmt":"2019-08-13T12:36:05","slug":"fotograf-oskarshamn","status":"publish","type":"page","link":"https:\/\/fotografsverige.se\/?page_id=38","title":{"rendered":"Fotograf Oskarshamn"},"content":{"rendered":"\n<p>I Sm\u00e5land ligger staden Oskarshamn som ligger vid D\u00f6derhultsviken i norra Kalmarsund.<\/p>\n\n\n\n<p>De flesta turister som \u00e5ker till Oskarshamn g\u00f6r det dock inte f\u00f6r att se p\u00e5 staden utan f\u00f6r att ta f\u00e4rjan till\u00a0Gotland. Men d\u00e5 missar de massor, fr\u00e5ga din fotograf!<\/p>\n\n\n\n<p>P\u00e5 grund av h\u00f6jdskillnaderna mellan \u00f6vriga centrum och hamnen ligger hamnen f\u00f6r sig sj\u00e4lv i f\u00f6rh\u00e5llande till \u00f6vriga staden. P\u00e5 somrarna g\u00e5r \u00e4ven b\u00e5tar till den fr\u00e5n Oskarshamns hamn synliga \u00f6n och nationalparken Bl\u00e5 Jungfrun. I n\u00e4ra anslutning till hamnomr\u00e5det och Gotlandsterminalen ligger Oskarshamns j\u00e4rnv\u00e4gsstation uppf\u00f6rd 1906.<\/p>\n\n\n\n<p>I hamnomr\u00e5det finns Badholmen som \u00e4r en \u00f6 mitt i Oskarshamns hamn. Holmens namn kommer av att d\u00e4r under 1800-talet fanns ett kallbadhus. Numera \u00e4r det en v\u00e4lbes\u00f6kt plats dit man s\u00f6ker sig f\u00f6r utsikten eller f\u00f6r att bes\u00f6ka restaurang och dansbana.<\/p>\n\n\n\n<p>Fredriksbergs herrg\u00e5rd fr\u00e5n 1784 ligger strax utanf\u00f6r stadsk\u00e4rnan. Detta \u00e4r en mycket vacker plats med ett idylliskt l\u00e4ge, v\u00e4rt ett bes\u00f6k f\u00f6r dig och din fotograf!<\/p>\n","protected":false},"excerpt":{"rendered":"<p>I Sm\u00e5land ligger staden Oskarshamn som ligger vid D\u00f6derhultsviken i norra Kalmarsund. De flesta turister som \u00e5ker till Oskarshamn g\u00f6r det dock inte f\u00f6r att se p\u00e5 staden utan f\u00f6r att ta f\u00e4rjan till\u00a0Gotland. Men d\u00e5 missar de massor, fr\u00e5ga din fotograf! P\u00e5 grund av h\u00f6jdskillnaderna mellan \u00f6vriga centrum och hamnen ligger hamnen f\u00f6r sig sj\u00e4lv i f\u00f6rh\u00e5llande till \u00f6vriga staden. P\u00e5 somrarna g\u00e5r \u00e4ven b\u00e5tar till den fr\u00e5n Oskarshamns hamn synliga \u00f6n och nationalparken Bl\u00e5 Jungfrun. I n\u00e4ra anslutning till hamnomr\u00e5det och Gotlandsterminalen ligger Oskarshamns j\u00e4rnv\u00e4gsstation uppf\u00f6rd 1906. I hamnomr\u00e5det finns Badholmen som \u00e4r en \u00f6 mitt i Oskarshamns hamn. Holmens namn kommer av att d\u00e4r under 1800-talet fanns ett kallbadhus. Numera \u00e4r det en v\u00e4lbes\u00f6kt plats dit man s\u00f6ker sig f\u00f6r utsikten eller f\u00f6r att bes\u00f6ka restaurang och dansbana. Fredriksbergs herrg\u00e5rd fr\u00e5n 1784 ligger strax utanf\u00f6r stadsk\u00e4rnan. Detta \u00e4r en mycket vacker plats med ett idylliskt l\u00e4ge, v\u00e4rt ett bes\u00f6k f\u00f6r dig och din fotograf!<\/p>\n","protected":false},"author":1,"featured_media":0,"parent":0,"menu_order":0,"comment_status":"closed","ping_status":"closed","template":"","meta":[],"_links":{"self":[{"href":"https:\/\/fotografsverige.se\/index.php?rest_route=\/wp\/v2\/pages\/38"}],"collection":[{"href":"https:\/\/fotografsverige.se\/index.php?rest_route=\/wp\/v2\/pages"}],"about":[{"href":"https:\/\/fotografsverige.se\/index.php?rest_route=\/wp\/v2\/types\/page"}],"author":[{"embeddable":true,"href":"https:\/\/fotografsverige.se\/index.php?rest_route=\/wp\/v2\/users\/1"}],"replies":[{"embeddable":true,"href":"https:\/\/fotografsverige.se\/index.php?rest_route=%2Fwp%2Fv2%2Fcomments&post=38"}],"version-history":[{"count":1,"href":"https:\/\/fotografsverige.se\/index.php?rest_route=\/wp\/v2\/pages\/38\/revisions"}],"predecessor-version":[{"id":39,"href":"https:\/\/fotografsverige.se\/index.php?rest_route=\/wp\/v2\/pages\/38\/revisions\/39"}],"wp:attachment":[{"href":"https:\/\/fotografsverige.se\/index.php?rest_route=%2Fwp%2Fv2%2Fmedia&parent=38"}],"curies":[{"name":"wp","href":"https:\/\/api.w.org\/{rel}","templated":true}]}}