{"id":36,"date":"2019-08-13T12:34:58","date_gmt":"2019-08-13T12:34:58","guid":{"rendered":"http:\/\/fotografsverige.se\/?page_id=36"},"modified":"2019-08-13T12:34:58","modified_gmt":"2019-08-13T12:34:58","slug":"fotograf-vetlanda","status":"publish","type":"page","link":"https:\/\/fotografsverige.se\/?page_id=36","title":{"rendered":"Fotograf Vetlanda"},"content":{"rendered":"\n<p>Staden Vetlanda ligger i Sm\u00e5land och \u00e4r sedan l\u00e5nge en k\u00e4nd tr\u00e4industristad. I dag domineras stadens n\u00e4ringsliv av Sapa som har \u00f6ver 1 000 anst\u00e4llda, samt Elitf\u00f6nster. Tidigare var \u00e4ven staden k\u00e4nt f\u00f6r sin t\u00e4ndsticksfabrik, Stickan, som idag \u00e4r nerlagd.<\/p>\n\n\n\n<p>Fr\u00e5n Vetlanda kommer den v\u00e4rldsk\u00e4nda artisten Lena Philipsson som staden \u00e4r v\u00e4ldigt stolta \u00f6ver. Vetlanda \u00e4r \u00e4ven v\u00e4ldigt stolta \u00f6ver sina prestationer inom motorsport d\u00e5 Vetlanda Motors\u00e4llskaps Elit ett av topplagen i speedway. 2015 tog dem SM-tecknet f\u00f6r nionde g\u00e5ngen. 45 s\u00e4songer har laget varit i h\u00f6gsta serien. Hemmaarena \u00e4r Vetlanda Motorstadion och hade ett bes\u00f6kssnitt p\u00e5 \u00f6ver 3 100 personer under 2013.<\/p>\n\n\n\n<p>F\u00f6r dig med ett stort motorintresse kan med gl\u00e4dje f\u00f6rl\u00e4nga sitt bes\u00f6k p\u00e5 arenan genom att l\u00e5ta en fotograf pl\u00e5ta bilder av dig och en av dina f\u00f6rebilder inom Motors\u00e4llskap.<\/p>\n","protected":false},"excerpt":{"rendered":"<p>Staden Vetlanda ligger i Sm\u00e5land och \u00e4r sedan l\u00e5nge en k\u00e4nd tr\u00e4industristad. I dag domineras stadens n\u00e4ringsliv av Sapa som har \u00f6ver 1 000 anst\u00e4llda, samt Elitf\u00f6nster. Tidigare var \u00e4ven staden k\u00e4nt f\u00f6r sin t\u00e4ndsticksfabrik, Stickan, som idag \u00e4r nerlagd. Fr\u00e5n Vetlanda kommer den v\u00e4rldsk\u00e4nda artisten Lena Philipsson som staden \u00e4r v\u00e4ldigt stolta \u00f6ver. Vetlanda \u00e4r \u00e4ven v\u00e4ldigt stolta \u00f6ver sina prestationer inom motorsport d\u00e5 Vetlanda Motors\u00e4llskaps Elit ett av topplagen i speedway. 2015 tog dem SM-tecknet f\u00f6r nionde g\u00e5ngen. 45 s\u00e4songer har laget varit i h\u00f6gsta serien. Hemmaarena \u00e4r Vetlanda Motorstadion och hade ett bes\u00f6kssnitt p\u00e5 \u00f6ver 3 100 personer under 2013. F\u00f6r dig med ett stort motorintresse kan med gl\u00e4dje f\u00f6rl\u00e4nga sitt bes\u00f6k p\u00e5 arenan genom att l\u00e5ta en fotograf pl\u00e5ta bilder av dig och en av dina f\u00f6rebilder inom Motors\u00e4llskap.<\/p>\n","protected":false},"author":1,"featured_media":0,"parent":0,"menu_order":0,"comment_status":"closed","ping_status":"closed","template":"","meta":[],"_links":{"self":[{"href":"https:\/\/fotografsverige.se\/index.php?rest_route=\/wp\/v2\/pages\/36"}],"collection":[{"href":"https:\/\/fotografsverige.se\/index.php?rest_route=\/wp\/v2\/pages"}],"about":[{"href":"https:\/\/fotografsverige.se\/index.php?rest_route=\/wp\/v2\/types\/page"}],"author":[{"embeddable":true,"href":"https:\/\/fotografsverige.se\/index.php?rest_route=\/wp\/v2\/users\/1"}],"replies":[{"embeddable":true,"href":"https:\/\/fotografsverige.se\/index.php?rest_route=%2Fwp%2Fv2%2Fcomments&post=36"}],"version-history":[{"count":1,"href":"https:\/\/fotografsverige.se\/index.php?rest_route=\/wp\/v2\/pages\/36\/revisions"}],"predecessor-version":[{"id":37,"href":"https:\/\/fotografsverige.se\/index.php?rest_route=\/wp\/v2\/pages\/36\/revisions\/37"}],"wp:attachment":[{"href":"https:\/\/fotografsverige.se\/index.php?rest_route=%2Fwp%2Fv2%2Fmedia&parent=36"}],"curies":[{"name":"wp","href":"https:\/\/api.w.org\/{rel}","templated":true}]}}