{"id":34,"date":"2019-08-13T12:34:33","date_gmt":"2019-08-13T12:34:33","guid":{"rendered":"http:\/\/fotografsverige.se\/?page_id=34"},"modified":"2019-08-13T12:34:33","modified_gmt":"2019-08-13T12:34:33","slug":"fotograf-ljungby","status":"publish","type":"page","link":"https:\/\/fotografsverige.se\/?page_id=34","title":{"rendered":"Fotograf Ljungby"},"content":{"rendered":"\n<p>I sm\u00e5land vid \u00e5n Lagan ligger staden Ljungby. H\u00e4r finner du sagobygdens hj\u00e4rta med sagomuseum bel\u00e4get vid Ljungbys gamla torg som \u00e4r en av stadens \u00e4ldsta delar. H\u00e4r finner du bebyggelse fr\u00e5n 1800-talet och i husen finner du konsthantverkare, hudv\u00e5rd, museum, restaurang och kaf\u00e9. Under somrarna anordnas popul\u00e4ra loppmarknader p\u00e5 kullerstenstorget och ber\u00e4ttarkv\u00e4llar.<\/p>\n\n\n\n<p>Fantastiska sagor och s\u00e4gner om tomtar och troll, n\u00e4cken och skogsfrun, maror och gastar har i alla tider roat och f\u00f6rskr\u00e4ckt folk. Sagomuseet i Ljungby levandeg\u00f6r den muntliga ber\u00e4ttartraditionen i Sverige. Att det blev just Ljungby som blev hj\u00e4rtat i sagobygden var ingen tillf\u00e4llighet. H\u00e4r levde n\u00e5gra av v\u00e5ra fr\u00e4msta sagober\u00e4ttare och h\u00e4r dokumenterades stora delar av den svenska muntliga traditionen under 1800-talet. L\u00e5t din fotograf ta med dig in i sagornas v\u00e4rld och skapa f\u00f6rtrollade bilder.<\/p>\n","protected":false},"excerpt":{"rendered":"<p>I sm\u00e5land vid \u00e5n Lagan ligger staden Ljungby. H\u00e4r finner du sagobygdens hj\u00e4rta med sagomuseum bel\u00e4get vid Ljungbys gamla torg som \u00e4r en av stadens \u00e4ldsta delar. H\u00e4r finner du bebyggelse fr\u00e5n 1800-talet och i husen finner du konsthantverkare, hudv\u00e5rd, museum, restaurang och kaf\u00e9. Under somrarna anordnas popul\u00e4ra loppmarknader p\u00e5 kullerstenstorget och ber\u00e4ttarkv\u00e4llar. Fantastiska sagor och s\u00e4gner om tomtar och troll, n\u00e4cken och skogsfrun, maror och gastar har i alla tider roat och f\u00f6rskr\u00e4ckt folk. Sagomuseet i Ljungby levandeg\u00f6r den muntliga ber\u00e4ttartraditionen i Sverige. Att det blev just Ljungby som blev hj\u00e4rtat i sagobygden var ingen tillf\u00e4llighet. H\u00e4r levde n\u00e5gra av v\u00e5ra fr\u00e4msta sagober\u00e4ttare och h\u00e4r dokumenterades stora delar av den svenska muntliga traditionen under 1800-talet. L\u00e5t din fotograf ta med dig in i sagornas v\u00e4rld och skapa f\u00f6rtrollade bilder.<\/p>\n","protected":false},"author":1,"featured_media":0,"parent":0,"menu_order":0,"comment_status":"closed","ping_status":"closed","template":"","meta":[],"_links":{"self":[{"href":"https:\/\/fotografsverige.se\/index.php?rest_route=\/wp\/v2\/pages\/34"}],"collection":[{"href":"https:\/\/fotografsverige.se\/index.php?rest_route=\/wp\/v2\/pages"}],"about":[{"href":"https:\/\/fotografsverige.se\/index.php?rest_route=\/wp\/v2\/types\/page"}],"author":[{"embeddable":true,"href":"https:\/\/fotografsverige.se\/index.php?rest_route=\/wp\/v2\/users\/1"}],"replies":[{"embeddable":true,"href":"https:\/\/fotografsverige.se\/index.php?rest_route=%2Fwp%2Fv2%2Fcomments&post=34"}],"version-history":[{"count":1,"href":"https:\/\/fotografsverige.se\/index.php?rest_route=\/wp\/v2\/pages\/34\/revisions"}],"predecessor-version":[{"id":35,"href":"https:\/\/fotografsverige.se\/index.php?rest_route=\/wp\/v2\/pages\/34\/revisions\/35"}],"wp:attachment":[{"href":"https:\/\/fotografsverige.se\/index.php?rest_route=%2Fwp%2Fv2%2Fmedia&parent=34"}],"curies":[{"name":"wp","href":"https:\/\/api.w.org\/{rel}","templated":true}]}}