{"id":30,"date":"2019-08-13T12:31:07","date_gmt":"2019-08-13T12:31:07","guid":{"rendered":"http:\/\/fotografsverige.se\/?page_id=30"},"modified":"2019-08-13T12:31:07","modified_gmt":"2019-08-13T12:31:07","slug":"fotograf-hoganas","status":"publish","type":"page","link":"https:\/\/fotografsverige.se\/?page_id=30","title":{"rendered":"Fotograf H\u00f6gan\u00e4s"},"content":{"rendered":"\n<p>Det finns f\u00e5 platser i Sverige som kan erbjuda s\u00e5 mycket p\u00e5 en liten ort. I Sk\u00e5ne finner du H\u00f6gan\u00e4s, staden d\u00e4r keramiktraditionen \u00e4r stark, men H\u00f6gan\u00e4s \u00e4r mer \u00e4n bara keramik, du kan \u00e5ka p\u00e5 tumlarsafari, ta en tur med speedb\u00e5t eller l\u00e5t magiska Kullaberg t\u00e4nja lite p\u00e5 gr\u00e4nserna. Testa att trampa eget vin eller g\u00e5 en r\u00f6k och bbq-kurs. Vilket minne vill du f\u00f6reviga med din fotograf? Kullabygden erbjuder ett fantastiskt utbud av matupplevelser, dramatisk natur, mysiga fiskel\u00e4gen och mycket kultur.<\/p>\n\n\n\n<p>Ursprungligen \u00e4r H\u00f6gan\u00e4s ett fiskel\u00e4ge kring vilket en gruvindustri utvecklades f\u00f6r brytning av kol och leror som sedan anv\u00e4ndes f\u00f6r tillverkning av eldfast keramik, de s\u00e5 kallade H\u00f6gan\u00e4skrusen som kom att s\u00e4tta staden p\u00e5 kartan.<\/p>\n\n\n\n<p>Njut av n\u00e4rodlad mat fr\u00e5n Sveriges kanske mysigaste saluhall. I keramikfabrikens gamla ugnshallar ryms stadens saluhall d\u00e4r du kan k\u00f6pa n\u00e4rodlade och f\u00f6r\u00e4dlade r\u00e5varor och v\u00e4lja produkter ur det breda sortiment av hemgjorda produkter.<\/p>\n","protected":false},"excerpt":{"rendered":"<p>Det finns f\u00e5 platser i Sverige som kan erbjuda s\u00e5 mycket p\u00e5 en liten ort. I Sk\u00e5ne finner du H\u00f6gan\u00e4s, staden d\u00e4r keramiktraditionen \u00e4r stark, men H\u00f6gan\u00e4s \u00e4r mer \u00e4n bara keramik, du kan \u00e5ka p\u00e5 tumlarsafari, ta en tur med speedb\u00e5t eller l\u00e5t magiska Kullaberg t\u00e4nja lite p\u00e5 gr\u00e4nserna. Testa att trampa eget vin eller g\u00e5 en r\u00f6k och bbq-kurs. Vilket minne vill du f\u00f6reviga med din fotograf? Kullabygden erbjuder ett fantastiskt utbud av matupplevelser, dramatisk natur, mysiga fiskel\u00e4gen och mycket kultur. Ursprungligen \u00e4r H\u00f6gan\u00e4s ett fiskel\u00e4ge kring vilket en gruvindustri utvecklades f\u00f6r brytning av kol och leror som sedan anv\u00e4ndes f\u00f6r tillverkning av eldfast keramik, de s\u00e5 kallade H\u00f6gan\u00e4skrusen som kom att s\u00e4tta staden p\u00e5 kartan. Njut av n\u00e4rodlad mat fr\u00e5n Sveriges kanske mysigaste saluhall. I keramikfabrikens gamla ugnshallar ryms stadens saluhall d\u00e4r du kan k\u00f6pa n\u00e4rodlade och f\u00f6r\u00e4dlade r\u00e5varor och v\u00e4lja produkter ur det breda sortiment av hemgjorda produkter.<\/p>\n","protected":false},"author":1,"featured_media":0,"parent":0,"menu_order":0,"comment_status":"closed","ping_status":"closed","template":"","meta":[],"_links":{"self":[{"href":"https:\/\/fotografsverige.se\/index.php?rest_route=\/wp\/v2\/pages\/30"}],"collection":[{"href":"https:\/\/fotografsverige.se\/index.php?rest_route=\/wp\/v2\/pages"}],"about":[{"href":"https:\/\/fotografsverige.se\/index.php?rest_route=\/wp\/v2\/types\/page"}],"author":[{"embeddable":true,"href":"https:\/\/fotografsverige.se\/index.php?rest_route=\/wp\/v2\/users\/1"}],"replies":[{"embeddable":true,"href":"https:\/\/fotografsverige.se\/index.php?rest_route=%2Fwp%2Fv2%2Fcomments&post=30"}],"version-history":[{"count":1,"href":"https:\/\/fotografsverige.se\/index.php?rest_route=\/wp\/v2\/pages\/30\/revisions"}],"predecessor-version":[{"id":31,"href":"https:\/\/fotografsverige.se\/index.php?rest_route=\/wp\/v2\/pages\/30\/revisions\/31"}],"wp:attachment":[{"href":"https:\/\/fotografsverige.se\/index.php?rest_route=%2Fwp%2Fv2%2Fmedia&parent=30"}],"curies":[{"name":"wp","href":"https:\/\/api.w.org\/{rel}","templated":true}]}}