{"id":28,"date":"2019-08-13T12:30:44","date_gmt":"2019-08-13T12:30:44","guid":{"rendered":"http:\/\/fotografsverige.se\/?page_id=28"},"modified":"2019-08-13T12:30:44","modified_gmt":"2019-08-13T12:30:44","slug":"fotograf-gislaved","status":"publish","type":"page","link":"https:\/\/fotografsverige.se\/?page_id=28","title":{"rendered":"Fotograf Gislaved"},"content":{"rendered":"\n<p>I Sm\u00e5lands skogar knappt fyra mil ifr\u00e5n\u00a0V\u00e4rnamo\u00a0finner du Industristaden Gislaved. Staden \u00e4r tidigare mest k\u00e4nd f\u00f6r sin gummifabrik som etablerades i staden redan 1895. Under senare \u00e5r har dem specialiserat sig p\u00e5 tillverkning av bild\u00e4ck med tyska Continental AG som sista \u00e4gare. N\u00e4r d\u00e4ckfabriken lades ned 5 juli 2002, omvandlade fabriken den till ett industrihotell. Industrigummiartiklar tillverkas fortfarande hos Gislaved Gummi AB.<\/p>\n\n\n\n<p>Gislaveds kommun \u00e4r v\u00e4lk\u00e4nt f\u00f6r sitt stora utbud inom fr\u00e4mst musik men h\u00e4r finns \u00e4ven konst, industrihistoria, aktiva hembygdsf\u00f6reningar och en l\u00e5ng rad vackra kulturhistoriska milj\u00f6er. Musikskolan ligger till grunden f\u00f6r Gislaveds rika musikliv d\u00e5 dem har fostrat musiker som har g\u00e5tt vidare b\u00e5de nationellt och internationellt. Den kommunala musikskolan har idag 850 elever. Gislaveds symfoniorkester ligger i framkant inom sin genre och erbjuder en varierad repertoar.<\/p>\n\n\n\n<p>Njut av stadens klingande musik och l\u00e5t stadens harmoni och historia influera din fotografs bilder.<\/p>\n","protected":false},"excerpt":{"rendered":"<p>I Sm\u00e5lands skogar knappt fyra mil ifr\u00e5n\u00a0V\u00e4rnamo\u00a0finner du Industristaden Gislaved. Staden \u00e4r tidigare mest k\u00e4nd f\u00f6r sin gummifabrik som etablerades i staden redan 1895. Under senare \u00e5r har dem specialiserat sig p\u00e5 tillverkning av bild\u00e4ck med tyska Continental AG som sista \u00e4gare. N\u00e4r d\u00e4ckfabriken lades ned 5 juli 2002, omvandlade fabriken den till ett industrihotell. Industrigummiartiklar tillverkas fortfarande hos Gislaved Gummi AB. Gislaveds kommun \u00e4r v\u00e4lk\u00e4nt f\u00f6r sitt stora utbud inom fr\u00e4mst musik men h\u00e4r finns \u00e4ven konst, industrihistoria, aktiva hembygdsf\u00f6reningar och en l\u00e5ng rad vackra kulturhistoriska milj\u00f6er. Musikskolan ligger till grunden f\u00f6r Gislaveds rika musikliv d\u00e5 dem har fostrat musiker som har g\u00e5tt vidare b\u00e5de nationellt och internationellt. Den kommunala musikskolan har idag 850 elever. Gislaveds symfoniorkester ligger i framkant inom sin genre och erbjuder en varierad repertoar. Njut av stadens klingande musik och l\u00e5t stadens harmoni och historia influera din fotografs bilder.<\/p>\n","protected":false},"author":1,"featured_media":0,"parent":0,"menu_order":0,"comment_status":"closed","ping_status":"closed","template":"","meta":[],"_links":{"self":[{"href":"https:\/\/fotografsverige.se\/index.php?rest_route=\/wp\/v2\/pages\/28"}],"collection":[{"href":"https:\/\/fotografsverige.se\/index.php?rest_route=\/wp\/v2\/pages"}],"about":[{"href":"https:\/\/fotografsverige.se\/index.php?rest_route=\/wp\/v2\/types\/page"}],"author":[{"embeddable":true,"href":"https:\/\/fotografsverige.se\/index.php?rest_route=\/wp\/v2\/users\/1"}],"replies":[{"embeddable":true,"href":"https:\/\/fotografsverige.se\/index.php?rest_route=%2Fwp%2Fv2%2Fcomments&post=28"}],"version-history":[{"count":1,"href":"https:\/\/fotografsverige.se\/index.php?rest_route=\/wp\/v2\/pages\/28\/revisions"}],"predecessor-version":[{"id":29,"href":"https:\/\/fotografsverige.se\/index.php?rest_route=\/wp\/v2\/pages\/28\/revisions\/29"}],"wp:attachment":[{"href":"https:\/\/fotografsverige.se\/index.php?rest_route=%2Fwp%2Fv2%2Fmedia&parent=28"}],"curies":[{"name":"wp","href":"https:\/\/api.w.org\/{rel}","templated":true}]}}