{"id":26,"date":"2019-08-13T12:30:12","date_gmt":"2019-08-13T12:30:12","guid":{"rendered":"http:\/\/fotografsverige.se\/?page_id=26"},"modified":"2019-08-13T12:30:12","modified_gmt":"2019-08-13T12:30:12","slug":"fotograf-kavlinge","status":"publish","type":"page","link":"https:\/\/fotografsverige.se\/?page_id=26","title":{"rendered":"Fotograf K\u00e4vlinge"},"content":{"rendered":"\n<p>I landskapet Sk\u00e5ne finner du staden K\u00e4vlinge. En sm\u00e5stad d\u00e4r du finner allt fr\u00e5n Barseb\u00e4ck med golf, bad och segling via K\u00e4vlinge\u00e5n, med ett av Europas b\u00e4sta g\u00e4ddvatten, till fotboll, ridsport och handboll. K\u00e4vlinges landskap best\u00e5r av en omv\u00e4xlande, vacker natur med pileall\u00e9er, dalg\u00e5ngar, forsar och ett landskap med fornl\u00e4mningar fr\u00e5n gamla tider. Allts\u00e5 en stad som har mycket att erbjuda b\u00e5de f\u00f6r dig och din fotograf!<\/p>\n\n\n\n<p>Till K\u00e4vlinge \u00e4r det l\u00e4tt att ta sig d\u00e5 m\u00e5nga t\u00e5g stannar till p\u00e5 stadens station. Idag finner du bland annat pendelt\u00e5gstrafik mot\u00a0Lund,\u00a0Landskrona\u00a0och Teckomatorp och V\u00e4stkustbanan.<\/p>\n\n\n\n<p>I Folkets Park finner du ett vackert omr\u00e5de intill K\u00e4vlinge \u00e5n. Parken drivs med id\u00e9n att vara en plats f\u00f6r rekreation, vila, n\u00f6jen, musik, dans, teater och m\u00e5nga familjeh\u00f6gtider. Hit uppmanas f\u00f6reningar och v\u00e4nner att g\u00f6ra fler aktiviteter i parken. Kanske \u00e4r du en av dem? Samla alla i din n\u00e4rhet till fest och bevara stunden med hj\u00e4lp av en fotograf!<\/p>\n","protected":false},"excerpt":{"rendered":"<p>I landskapet Sk\u00e5ne finner du staden K\u00e4vlinge. En sm\u00e5stad d\u00e4r du finner allt fr\u00e5n Barseb\u00e4ck med golf, bad och segling via K\u00e4vlinge\u00e5n, med ett av Europas b\u00e4sta g\u00e4ddvatten, till fotboll, ridsport och handboll. K\u00e4vlinges landskap best\u00e5r av en omv\u00e4xlande, vacker natur med pileall\u00e9er, dalg\u00e5ngar, forsar och ett landskap med fornl\u00e4mningar fr\u00e5n gamla tider. Allts\u00e5 en stad som har mycket att erbjuda b\u00e5de f\u00f6r dig och din fotograf! Till K\u00e4vlinge \u00e4r det l\u00e4tt att ta sig d\u00e5 m\u00e5nga t\u00e5g stannar till p\u00e5 stadens station. Idag finner du bland annat pendelt\u00e5gstrafik mot\u00a0Lund,\u00a0Landskrona\u00a0och Teckomatorp och V\u00e4stkustbanan. I Folkets Park finner du ett vackert omr\u00e5de intill K\u00e4vlinge \u00e5n. Parken drivs med id\u00e9n att vara en plats f\u00f6r rekreation, vila, n\u00f6jen, musik, dans, teater och m\u00e5nga familjeh\u00f6gtider. Hit uppmanas f\u00f6reningar och v\u00e4nner att g\u00f6ra fler aktiviteter i parken. Kanske \u00e4r du en av dem? Samla alla i din n\u00e4rhet till fest och bevara stunden med hj\u00e4lp av en fotograf!<\/p>\n","protected":false},"author":1,"featured_media":0,"parent":0,"menu_order":0,"comment_status":"closed","ping_status":"closed","template":"","meta":[],"_links":{"self":[{"href":"https:\/\/fotografsverige.se\/index.php?rest_route=\/wp\/v2\/pages\/26"}],"collection":[{"href":"https:\/\/fotografsverige.se\/index.php?rest_route=\/wp\/v2\/pages"}],"about":[{"href":"https:\/\/fotografsverige.se\/index.php?rest_route=\/wp\/v2\/types\/page"}],"author":[{"embeddable":true,"href":"https:\/\/fotografsverige.se\/index.php?rest_route=\/wp\/v2\/users\/1"}],"replies":[{"embeddable":true,"href":"https:\/\/fotografsverige.se\/index.php?rest_route=%2Fwp%2Fv2%2Fcomments&post=26"}],"version-history":[{"count":1,"href":"https:\/\/fotografsverige.se\/index.php?rest_route=\/wp\/v2\/pages\/26\/revisions"}],"predecessor-version":[{"id":27,"href":"https:\/\/fotografsverige.se\/index.php?rest_route=\/wp\/v2\/pages\/26\/revisions\/27"}],"wp:attachment":[{"href":"https:\/\/fotografsverige.se\/index.php?rest_route=%2Fwp%2Fv2%2Fmedia&parent=26"}],"curies":[{"name":"wp","href":"https:\/\/api.w.org\/{rel}","templated":true}]}}