{"id":24,"date":"2019-08-13T12:27:43","date_gmt":"2019-08-13T12:27:43","guid":{"rendered":"http:\/\/fotografsverige.se\/?page_id=24"},"modified":"2019-08-13T12:27:43","modified_gmt":"2019-08-13T12:27:43","slug":"fotograf-karlskoga","status":"publish","type":"page","link":"https:\/\/fotografsverige.se\/?page_id=24","title":{"rendered":"Fotograf Karlskoga"},"content":{"rendered":"\n<p>Utefter sj\u00f6n M\u00f6ckelns norra strand i V\u00e4rmland finner du Karlskoga. En mysig v\u00e4rml\u00e4ndsk stad d\u00e4r du har mycket att uppt\u00e4cka. Du kan \u00e5ka dressin p\u00e5 Otterb\u00e4cksbanan och se dess underbara omkringliggande natur och utflyktsm\u00e5l. Eller varf\u00f6r inte bes\u00f6ka Alfred Nobels sista hem i Sverige d\u00e4r han \u00e4ven bodde n\u00e4r han skrev sitt testamente om nobelpriset. Idag \u00e4r hans hem ett museum d\u00e4r du finner hans boning och uppfinnarverkstad. Kanske \u00e4r just din fotograf lite av en uppfinnare, l\u00e5t hen f\u00e5 skapa dina underverk!<\/p>\n\n\n\n<p>I Karlskoga \u00e4r man duktig inom idrott, h\u00e4r finner du m\u00e5nga duktiga lag inom ishockey, fotboll, baseboll, amerikansk fotboll och motorsport.<\/p>\n\n\n\n<p>N\u00e5gra andra som Karlskoga \u00e4r stolta \u00f6ver \u00e4r musikgruppen Sten och Stanley som bildades i KSK&nbsp;1962. D\u00e5 spelade dem mycket popmusik men idag har bandet sadlat om och \u00e4r nu v\u00e4lk\u00e4nda p\u00e5 landets dansbanor.<\/p>\n","protected":false},"excerpt":{"rendered":"<p>Utefter sj\u00f6n M\u00f6ckelns norra strand i V\u00e4rmland finner du Karlskoga. En mysig v\u00e4rml\u00e4ndsk stad d\u00e4r du har mycket att uppt\u00e4cka. Du kan \u00e5ka dressin p\u00e5 Otterb\u00e4cksbanan och se dess underbara omkringliggande natur och utflyktsm\u00e5l. Eller varf\u00f6r inte bes\u00f6ka Alfred Nobels sista hem i Sverige d\u00e4r han \u00e4ven bodde n\u00e4r han skrev sitt testamente om nobelpriset. Idag \u00e4r hans hem ett museum d\u00e4r du finner hans boning och uppfinnarverkstad. Kanske \u00e4r just din fotograf lite av en uppfinnare, l\u00e5t hen f\u00e5 skapa dina underverk! I Karlskoga \u00e4r man duktig inom idrott, h\u00e4r finner du m\u00e5nga duktiga lag inom ishockey, fotboll, baseboll, amerikansk fotboll och motorsport. N\u00e5gra andra som Karlskoga \u00e4r stolta \u00f6ver \u00e4r musikgruppen Sten och Stanley som bildades i KSK&nbsp;1962. D\u00e5 spelade dem mycket popmusik men idag har bandet sadlat om och \u00e4r nu v\u00e4lk\u00e4nda p\u00e5 landets dansbanor.<\/p>\n","protected":false},"author":1,"featured_media":0,"parent":0,"menu_order":0,"comment_status":"closed","ping_status":"closed","template":"","meta":[],"_links":{"self":[{"href":"https:\/\/fotografsverige.se\/index.php?rest_route=\/wp\/v2\/pages\/24"}],"collection":[{"href":"https:\/\/fotografsverige.se\/index.php?rest_route=\/wp\/v2\/pages"}],"about":[{"href":"https:\/\/fotografsverige.se\/index.php?rest_route=\/wp\/v2\/types\/page"}],"author":[{"embeddable":true,"href":"https:\/\/fotografsverige.se\/index.php?rest_route=\/wp\/v2\/users\/1"}],"replies":[{"embeddable":true,"href":"https:\/\/fotografsverige.se\/index.php?rest_route=%2Fwp%2Fv2%2Fcomments&post=24"}],"version-history":[{"count":1,"href":"https:\/\/fotografsverige.se\/index.php?rest_route=\/wp\/v2\/pages\/24\/revisions"}],"predecessor-version":[{"id":25,"href":"https:\/\/fotografsverige.se\/index.php?rest_route=\/wp\/v2\/pages\/24\/revisions\/25"}],"wp:attachment":[{"href":"https:\/\/fotografsverige.se\/index.php?rest_route=%2Fwp%2Fv2%2Fmedia&parent=24"}],"curies":[{"name":"wp","href":"https:\/\/api.w.org\/{rel}","templated":true}]}}