{"id":22,"date":"2019-08-13T12:26:28","date_gmt":"2019-08-13T12:26:28","guid":{"rendered":"http:\/\/fotografsverige.se\/?page_id=22"},"modified":"2019-08-13T12:26:28","modified_gmt":"2019-08-13T12:26:28","slug":"fotograf-nassjo","status":"publish","type":"page","link":"https:\/\/fotografsverige.se\/?page_id=22","title":{"rendered":"Fotograf N\u00e4ssj\u00f6"},"content":{"rendered":"\n<p>I Sm\u00e5land finner du staden N\u00e4ssj\u00f6 vars historia b\u00f6rjar 1864 d\u00e5 stambanan drogs genom staden och N\u00e4ssj\u00f6 blev en stor j\u00e4rnv\u00e4gsknut. Det \u00e4r den \u00e4n idag och m\u00e5nga m\u00e4nniskor f\u00e4rdas dagligen genom staden. Nere vid stationen finner du N\u00e4ssj\u00f6 centrum som har en mysig g\u00e5gata med butiker, restauranger och fik.<\/p>\n\n\n\n<p>N\u00e4ssj\u00f6 \u00e4r en mysig sm\u00e5stad som v\u00e4rnar om det som finns. Allt fr\u00e5n m\u00e4nniskor till de fornl\u00e4mningarna som man hittar lite varstans i kommunen. Din fotograf kan sin stad och visar dig g\u00e4rna stadens smultronst\u00e4llen!<\/p>\n\n\n\n<p>P\u00e5 en g\u00e5rd strax utanf\u00f6r finner du Ryssbyglass. Glassen tillverkas p\u00e5 g\u00e5rden och p\u00e5 mj\u00f6lk fr\u00e5n sina egna kor. Glassen \u00e4r gjord p\u00e5 helt naturliga r\u00e5varor och utbudet i g\u00e5rdsbutiken varierar efter s\u00e4songen. Helt enkelt ett st\u00e4lle man inte vill missa om man gillar glass!<\/p>\n\n\n\n<p>F\u00f6r \u00f6vrigt finner du massor av vackra badplatser, nationalparker, fornl\u00e4mningar och g\u00e5rdsbutiker i staden N\u00e4ssj\u00f6.<\/p>\n","protected":false},"excerpt":{"rendered":"<p>I Sm\u00e5land finner du staden N\u00e4ssj\u00f6 vars historia b\u00f6rjar 1864 d\u00e5 stambanan drogs genom staden och N\u00e4ssj\u00f6 blev en stor j\u00e4rnv\u00e4gsknut. Det \u00e4r den \u00e4n idag och m\u00e5nga m\u00e4nniskor f\u00e4rdas dagligen genom staden. Nere vid stationen finner du N\u00e4ssj\u00f6 centrum som har en mysig g\u00e5gata med butiker, restauranger och fik. N\u00e4ssj\u00f6 \u00e4r en mysig sm\u00e5stad som v\u00e4rnar om det som finns. Allt fr\u00e5n m\u00e4nniskor till de fornl\u00e4mningarna som man hittar lite varstans i kommunen. Din fotograf kan sin stad och visar dig g\u00e4rna stadens smultronst\u00e4llen! P\u00e5 en g\u00e5rd strax utanf\u00f6r finner du Ryssbyglass. Glassen tillverkas p\u00e5 g\u00e5rden och p\u00e5 mj\u00f6lk fr\u00e5n sina egna kor. Glassen \u00e4r gjord p\u00e5 helt naturliga r\u00e5varor och utbudet i g\u00e5rdsbutiken varierar efter s\u00e4songen. Helt enkelt ett st\u00e4lle man inte vill missa om man gillar glass! F\u00f6r \u00f6vrigt finner du massor av vackra badplatser, nationalparker, fornl\u00e4mningar och g\u00e5rdsbutiker i staden N\u00e4ssj\u00f6.<\/p>\n","protected":false},"author":1,"featured_media":0,"parent":0,"menu_order":0,"comment_status":"closed","ping_status":"closed","template":"","meta":[],"_links":{"self":[{"href":"https:\/\/fotografsverige.se\/index.php?rest_route=\/wp\/v2\/pages\/22"}],"collection":[{"href":"https:\/\/fotografsverige.se\/index.php?rest_route=\/wp\/v2\/pages"}],"about":[{"href":"https:\/\/fotografsverige.se\/index.php?rest_route=\/wp\/v2\/types\/page"}],"author":[{"embeddable":true,"href":"https:\/\/fotografsverige.se\/index.php?rest_route=\/wp\/v2\/users\/1"}],"replies":[{"embeddable":true,"href":"https:\/\/fotografsverige.se\/index.php?rest_route=%2Fwp%2Fv2%2Fcomments&post=22"}],"version-history":[{"count":1,"href":"https:\/\/fotografsverige.se\/index.php?rest_route=\/wp\/v2\/pages\/22\/revisions"}],"predecessor-version":[{"id":23,"href":"https:\/\/fotografsverige.se\/index.php?rest_route=\/wp\/v2\/pages\/22\/revisions\/23"}],"wp:attachment":[{"href":"https:\/\/fotografsverige.se\/index.php?rest_route=%2Fwp%2Fv2%2Fmedia&parent=22"}],"curies":[{"name":"wp","href":"https:\/\/api.w.org\/{rel}","templated":true}]}}