{"id":20,"date":"2019-08-13T12:26:05","date_gmt":"2019-08-13T12:26:05","guid":{"rendered":"http:\/\/fotografsverige.se\/?page_id=20"},"modified":"2019-08-13T12:26:05","modified_gmt":"2019-08-13T12:26:05","slug":"fotograf-karlshamn","status":"publish","type":"page","link":"https:\/\/fotografsverige.se\/?page_id=20","title":{"rendered":"Fotograf Karlshamn"},"content":{"rendered":"\n<p>I Blekinge finner du staden Karlshamn som fr\u00e5n b\u00f6rjan var en dansk utskeppningshamn vid namn Bodekull. Kung Karl X Gustav gav order om att anl\u00e4gga en stad och dessutom en flottbas h\u00e4r p\u00e5 grund av platsens utm\u00e4rkta l\u00e4ge vid \u00d6stersj\u00f6n. Dock kom andra saker emellan och det dr\u00f6jde till 1664 innan Karlshamn fick stadsprivilegier. Idag finner du en av Sveriges viktigaste, djupaste och st\u00f6rsta hamnar i K-hamn.<\/p>\n\n\n\n<p>Fr\u00e5n Karlshamn kommer den k\u00e4nda programledaren Ola Henrik Lindholm. Han har arbetat som programledare i TV och gjort m\u00e5nga barnprogram bland annat. Han \u00e4r \u00e4ven chefredakt\u00f6r f\u00f6r Kamratposten. F\u00f6rutom detta har han \u00e4ven deltagit som l\u00e5tskrivare i Melodifestivalen.<\/p>\n\n\n\n<p>Runt om staden finner du en fantastisk natur och en vacker sk\u00e4rg\u00e5rd d\u00e4r du kan njuta och slappna av. Detta utnyttjar stadens fotografer mycket f\u00f6r vad kan inte vara mer fantastiskt \u00e4n en arbetsplats som Karlshamns natur?<\/p>\n","protected":false},"excerpt":{"rendered":"<p>I Blekinge finner du staden Karlshamn som fr\u00e5n b\u00f6rjan var en dansk utskeppningshamn vid namn Bodekull. Kung Karl X Gustav gav order om att anl\u00e4gga en stad och dessutom en flottbas h\u00e4r p\u00e5 grund av platsens utm\u00e4rkta l\u00e4ge vid \u00d6stersj\u00f6n. Dock kom andra saker emellan och det dr\u00f6jde till 1664 innan Karlshamn fick stadsprivilegier. Idag finner du en av Sveriges viktigaste, djupaste och st\u00f6rsta hamnar i K-hamn. Fr\u00e5n Karlshamn kommer den k\u00e4nda programledaren Ola Henrik Lindholm. Han har arbetat som programledare i TV och gjort m\u00e5nga barnprogram bland annat. Han \u00e4r \u00e4ven chefredakt\u00f6r f\u00f6r Kamratposten. F\u00f6rutom detta har han \u00e4ven deltagit som l\u00e5tskrivare i Melodifestivalen. Runt om staden finner du en fantastisk natur och en vacker sk\u00e4rg\u00e5rd d\u00e4r du kan njuta och slappna av. Detta utnyttjar stadens fotografer mycket f\u00f6r vad kan inte vara mer fantastiskt \u00e4n en arbetsplats som Karlshamns natur?<\/p>\n","protected":false},"author":1,"featured_media":0,"parent":0,"menu_order":0,"comment_status":"closed","ping_status":"closed","template":"","meta":[],"_links":{"self":[{"href":"https:\/\/fotografsverige.se\/index.php?rest_route=\/wp\/v2\/pages\/20"}],"collection":[{"href":"https:\/\/fotografsverige.se\/index.php?rest_route=\/wp\/v2\/pages"}],"about":[{"href":"https:\/\/fotografsverige.se\/index.php?rest_route=\/wp\/v2\/types\/page"}],"author":[{"embeddable":true,"href":"https:\/\/fotografsverige.se\/index.php?rest_route=\/wp\/v2\/users\/1"}],"replies":[{"embeddable":true,"href":"https:\/\/fotografsverige.se\/index.php?rest_route=%2Fwp%2Fv2%2Fcomments&post=20"}],"version-history":[{"count":1,"href":"https:\/\/fotografsverige.se\/index.php?rest_route=\/wp\/v2\/pages\/20\/revisions"}],"predecessor-version":[{"id":21,"href":"https:\/\/fotografsverige.se\/index.php?rest_route=\/wp\/v2\/pages\/20\/revisions\/21"}],"wp:attachment":[{"href":"https:\/\/fotografsverige.se\/index.php?rest_route=%2Fwp%2Fv2%2Fmedia&parent=20"}],"curies":[{"name":"wp","href":"https:\/\/api.w.org\/{rel}","templated":true}]}}