{"id":2,"date":"2019-08-12T07:08:06","date_gmt":"2019-08-12T07:08:06","guid":{"rendered":"http:\/\/fotografsverige.se\/?page_id=2"},"modified":"2022-01-13T13:52:59","modified_gmt":"2022-01-13T13:52:59","slug":"sample-page","status":"publish","type":"page","link":"https:\/\/fotografsverige.se\/","title":{"rendered":"Hitta r\u00e4tt fotograf i din stad"},"content":{"rendered":"\n<p>Hos&nbsp;<strong>Fotograf Sverige<\/strong>&nbsp;har du nu m\u00f6jlighet att ta del av ett urval av duktiga, professionella fotografer \u00f6ver hela v\u00e5rt avl\u00e5nga land. Det spelar ingen roll om du s\u00f6ker en fotograf till ditt f\u00f6retag, ett event eller f\u00f6r portr\u00e4ttfotografering, hos oss hittar du allt och lite till. Processen att hitta en bra fotograf hos oss \u00e4r v\u00e4ldigt enkel, smidig men \u00e4ven gratis!<\/p>\n\n\n\n<h2>Sveriges b\u00e4sta fotografer<\/h2>\n\n\n\n<p>Som kund betalar du f\u00f6r en tj\u00e4nst n\u00e4r du anlitar en fotograf, d\u00e4rf\u00f6r \u00e4r det alltid viktigt att kunna ta del av tidigare utf\u00f6rda projekt f\u00f6r att sj\u00e4lv kunna f\u00e5 m\u00f6jlighet att avg\u00f6ra kvaliteten p\u00e5 det utf\u00f6rda arbetet. Det \u00e4r sv\u00e5rt att bed\u00f6ma en tj\u00e4nst j\u00e4mf\u00f6rt med en produkt. En produkt kan du h\u00e5lla i, betrakta och testa medans en tj\u00e4nst handlar om ett resultat ur ett annat perspektiv. <\/p>\n\n\n\n<p>Se d\u00e4rf\u00f6r alltid till att kolla igenom fotografens portfolio innan du best\u00e4mmer dig. Men underskatta aldrig ett fotojobb, det kanske k\u00e4nns enkelt men bakom varje bra fotografi ligger en gedigen kunskap m\u00e5nga timmars \u00f6vning. Ta till exempel ett videoklipp p\u00e5 en minut. Att skapa ett videoklipp som enbart \u00e4r p\u00e5 en minut handlar om flera timmars jobb \u2013 detta vet vi av erfarenhet.<\/p>\n\n\n\n<h2>Ett foto s\u00e4ger mer \u00e4n tusen ord<\/h2>\n\n\n\n<p>Uttrycket \u201den bild s\u00e4ger mer \u00e4n tusen ord\u201d k\u00e4nner du s\u00e4kert till. B\u00e4sta metoden att bevara minnen tidl\u00f6st \u00e4r p\u00e5 ett fotografi d\u00e4rf\u00f6r b\u00f6r du alltid str\u00e4va efter b\u00e4sta m\u00f6jliga resultat, som vi vet du kommer att lyckas med hos v\u00e5ra fotografer.<\/p>\n\n\n\n<p>Ett fotografi med en smartphone kan absolut f\u00e5nga \u00f6gonblicket men inte i n\u00e4rheten av samma kvalitet som i j\u00e4mf\u00f6relse med en systemkamera.  De flesta fotografer erbjuder \u00e4ven bildredigering och mycket mer, allt f\u00f6r att bevara dina minnen p\u00e5 b\u00e4sta s\u00e4tt. Du kan dessutom trycka ut bilden p\u00e5 <a href=\"https:\/\/www.tsreklam.se\/\">profilkl\u00e4der p\u00e5 tsreklam<\/a>.<\/p>\n\n\n\n<p>Du \u00e4r alltid v\u00e4lkommen att kontakta oss om du vill ha mer tips eller r\u00e5d \u00f6ver hur du hittar r\u00e4tt fotograf f\u00f6r just dig!<\/p>\n\n\n\n<h2>Fotograf till studenten<\/h2>\n\n\n\n<p>Oftast kan man sj\u00e4lv ta riktigt dugliga foton nu f\u00f6r tiden, alla har smart phones med avancerade och h\u00f6guppl\u00f6sta kameror i och man tr\u00e4ning fint med sina instagram inl\u00e4gg. <\/p>\n\n\n\n<p>Det finns dock tillf\u00e4llen d\u00e5 det kan vara v\u00e4rt att bekosta en riktig fotograf f\u00f6r att f\u00f6reviga \u00f6gonblicket p\u00e5 absolut b\u00e4sta s\u00e4tt, ett s\u00e5dant tillf\u00e4lle \u00e4r Studenten!<\/p>\n\n\n\n<p>Boka in en proffsig fotograf i god tid, det \u00e4r m\u00e5nga som t\u00e4nker samma tanke.<\/p>\n\n\n\n<p>En bra id\u00e9 \u00e4r att ta fotona tidigt p\u00e5 dagen\/morgonen innan studenterna har hunnit b\u00f6rja fira, d\u00e5 sitter kl\u00e4der och smink perfekt och oftast kan man f\u00e5 till ett bra morgonljus!<\/p>\n\n\n\n<p>F\u00f6r ni vill v\u00e4l inte att fotografierna ska se ut som de pinsamma barnbilder p\u00e5 <strong><a href=\"https:\/\/studentskyltar.se\/\">studentskyltarna <\/a><\/strong>som studenterna springer runt med, eller hur!<\/p>\n\n\n\n<p>S\u00e5 boka en bra fotograf i god tid och f\u00f6reviga studenten med riktigt fina bilder, det \u00e4r en v\u00e4l v\u00e4rd investering!<\/p>\n","protected":false},"excerpt":{"rendered":"<p>Hos&nbsp;Fotograf Sverige&nbsp;har du nu m\u00f6jlighet att ta del av ett urval av duktiga, professionella fotografer \u00f6ver hela v\u00e5rt avl\u00e5nga land. Det spelar ingen roll om du s\u00f6ker en fotograf till ditt f\u00f6retag, ett event eller f\u00f6r portr\u00e4ttfotografering, hos oss hittar du allt och lite till. Processen att hitta en bra fotograf hos oss \u00e4r v\u00e4ldigt enkel, smidig men \u00e4ven gratis! Sveriges b\u00e4sta fotografer Som kund betalar du f\u00f6r en tj\u00e4nst n\u00e4r du anlitar en fotograf, d\u00e4rf\u00f6r \u00e4r det alltid viktigt att kunna ta del av tidigare utf\u00f6rda projekt f\u00f6r att sj\u00e4lv kunna f\u00e5 m\u00f6jlighet att avg\u00f6ra kvaliteten p\u00e5 det utf\u00f6rda arbetet. Det \u00e4r sv\u00e5rt att bed\u00f6ma en tj\u00e4nst j\u00e4mf\u00f6rt med en produkt. En produkt kan du h\u00e5lla i, betrakta och testa medans en tj\u00e4nst handlar om ett resultat ur ett annat perspektiv. Se d\u00e4rf\u00f6r alltid till att kolla igenom fotografens portfolio innan du best\u00e4mmer dig. Men underskatta aldrig ett fotojobb, det kanske k\u00e4nns enkelt men bakom varje bra fotografi ligger en gedigen kunskap m\u00e5nga timmars \u00f6vning. Ta till exempel ett videoklipp p\u00e5 en minut. Att skapa ett videoklipp som enbart \u00e4r p\u00e5 en minut handlar om flera timmars jobb \u2013 detta vet vi av erfarenhet. Ett foto s\u00e4ger mer \u00e4n tusen ord Uttrycket \u201den bild s\u00e4ger mer \u00e4n tusen ord\u201d k\u00e4nner du s\u00e4kert till. B\u00e4sta metoden att bevara minnen tidl\u00f6st \u00e4r p\u00e5 ett fotografi d\u00e4rf\u00f6r b\u00f6r du alltid str\u00e4va efter b\u00e4sta m\u00f6jliga resultat, som vi vet du kommer att lyckas med hos v\u00e5ra fotografer. Ett fotografi med en smartphone kan absolut f\u00e5nga \u00f6gonblicket men inte i n\u00e4rheten av samma kvalitet som i j\u00e4mf\u00f6relse med en systemkamera. De flesta fotografer erbjuder \u00e4ven bildredigering och mycket mer, allt f\u00f6r att bevara dina minnen p\u00e5 b\u00e4sta s\u00e4tt. Du kan dessutom trycka ut bilden p\u00e5 profilkl\u00e4der p\u00e5 tsreklam. Du \u00e4r alltid v\u00e4lkommen att kontakta oss om du vill ha mer tips eller r\u00e5d \u00f6ver hur du hittar r\u00e4tt fotograf f\u00f6r just dig! Fotograf till studenten Oftast kan man sj\u00e4lv ta riktigt dugliga foton nu f\u00f6r tiden, alla har smart phones med avancerade och h\u00f6guppl\u00f6sta kameror i och man tr\u00e4ning fint med sina instagram inl\u00e4gg. Det finns dock tillf\u00e4llen d\u00e5 det kan vara v\u00e4rt att bekosta en riktig fotograf f\u00f6r att f\u00f6reviga \u00f6gonblicket p\u00e5 absolut b\u00e4sta s\u00e4tt, ett s\u00e5dant tillf\u00e4lle \u00e4r Studenten! Boka in en proffsig fotograf i god tid, det \u00e4r m\u00e5nga som t\u00e4nker samma tanke. En bra id\u00e9 \u00e4r att ta fotona tidigt p\u00e5 dagen\/morgonen innan studenterna har hunnit b\u00f6rja fira, d\u00e5 sitter kl\u00e4der och smink perfekt och oftast kan man f\u00e5 till ett bra morgonljus! F\u00f6r ni vill v\u00e4l inte att fotografierna ska se ut som de pinsamma barnbilder p\u00e5 studentskyltarna som studenterna springer runt med, eller hur! S\u00e5 boka en bra fotograf i god tid och f\u00f6reviga studenten med riktigt fina bilder, det \u00e4r en v\u00e4l v\u00e4rd investering!<\/p>\n","protected":false},"author":1,"featured_media":0,"parent":0,"menu_order":0,"comment_status":"closed","ping_status":"open","template":"","meta":[],"_links":{"self":[{"href":"https:\/\/fotografsverige.se\/index.php?rest_route=\/wp\/v2\/pages\/2"}],"collection":[{"href":"https:\/\/fotografsverige.se\/index.php?rest_route=\/wp\/v2\/pages"}],"about":[{"href":"https:\/\/fotografsverige.se\/index.php?rest_route=\/wp\/v2\/types\/page"}],"author":[{"embeddable":true,"href":"https:\/\/fotografsverige.se\/index.php?rest_route=\/wp\/v2\/users\/1"}],"replies":[{"embeddable":true,"href":"https:\/\/fotografsverige.se\/index.php?rest_route=%2Fwp%2Fv2%2Fcomments&post=2"}],"version-history":[{"count":5,"href":"https:\/\/fotografsverige.se\/index.php?rest_route=\/wp\/v2\/pages\/2\/revisions"}],"predecessor-version":[{"id":97,"href":"https:\/\/fotografsverige.se\/index.php?rest_route=\/wp\/v2\/pages\/2\/revisions\/97"}],"wp:attachment":[{"href":"https:\/\/fotografsverige.se\/index.php?rest_route=%2Fwp%2Fv2%2Fmedia&parent=2"}],"curies":[{"name":"wp","href":"https:\/\/api.w.org\/{rel}","templated":true}]}}