{"id":18,"date":"2019-08-13T12:25:04","date_gmt":"2019-08-13T12:25:04","guid":{"rendered":"http:\/\/fotografsverige.se\/?page_id=18"},"modified":"2019-08-13T12:25:04","modified_gmt":"2019-08-13T12:25:04","slug":"fotograf-eslov","status":"publish","type":"page","link":"https:\/\/fotografsverige.se\/?page_id=18","title":{"rendered":"Fotograf Esl\u00f6v"},"content":{"rendered":"\n<p>I Sk\u00e5ne finner du staden Esl\u00f6v som blev omn\u00e4mnt i ett direkts\u00e4nt TV-program med Lasse Holmqvist som \u201dSveriges tr\u00e5kigaste stad\u201d. Detta f\u00f6ljde staden under m\u00e5nga \u00e5r men tillsist fick man nog och fr\u00e5gade v\u00e4rldsresen\u00e4ren Hans Ostelius, som diktade stadens smeknamn, vad det var som fick honom att k\u00e4nna s\u00e5. Det s\u00e4gs att han svarade \u201dSa jag Esl\u00f6v? Jag menade Landskrona\u201d.<\/p>\n\n\n\n<p>Esl\u00f6v ben\u00e4mns idag som en sm\u00e5stad med det stora inneh\u00e5llet. H\u00e4r finns i storts\u00e4tt allt. Med ett varierat utbud av sm\u00e5 och stora f\u00f6retag, mysiga caf\u00e9er och restauranger till v\u00e4lsorterade butiker och hotell med karakt\u00e4r. H\u00e4r finner du \u00e4ven ett brett kulturutbud med h\u00f6g kvalitet. Dom har ett livskraftigt f\u00f6reningsliv inom det mesta och v\u00e4lv\u00e5rdade anl\u00e4ggningar f\u00f6r kultur, bad och fritid. Ut\u00f6ver detta erbjuder staden ett rikt fritidsutbud i vacker milj\u00f6. Det finns mycket att uppleva och g\u00f6ra i Esl\u00f6v. Passa p\u00e5 och upplev n\u00e5got av stadens h\u00e4rliga platser tillsammans med din fotograf.<\/p>\n","protected":false},"excerpt":{"rendered":"<p>I Sk\u00e5ne finner du staden Esl\u00f6v som blev omn\u00e4mnt i ett direkts\u00e4nt TV-program med Lasse Holmqvist som \u201dSveriges tr\u00e5kigaste stad\u201d. Detta f\u00f6ljde staden under m\u00e5nga \u00e5r men tillsist fick man nog och fr\u00e5gade v\u00e4rldsresen\u00e4ren Hans Ostelius, som diktade stadens smeknamn, vad det var som fick honom att k\u00e4nna s\u00e5. Det s\u00e4gs att han svarade \u201dSa jag Esl\u00f6v? Jag menade Landskrona\u201d. Esl\u00f6v ben\u00e4mns idag som en sm\u00e5stad med det stora inneh\u00e5llet. H\u00e4r finns i storts\u00e4tt allt. Med ett varierat utbud av sm\u00e5 och stora f\u00f6retag, mysiga caf\u00e9er och restauranger till v\u00e4lsorterade butiker och hotell med karakt\u00e4r. H\u00e4r finner du \u00e4ven ett brett kulturutbud med h\u00f6g kvalitet. Dom har ett livskraftigt f\u00f6reningsliv inom det mesta och v\u00e4lv\u00e5rdade anl\u00e4ggningar f\u00f6r kultur, bad och fritid. Ut\u00f6ver detta erbjuder staden ett rikt fritidsutbud i vacker milj\u00f6. Det finns mycket att uppleva och g\u00f6ra i Esl\u00f6v. Passa p\u00e5 och upplev n\u00e5got av stadens h\u00e4rliga platser tillsammans med din fotograf.<\/p>\n","protected":false},"author":1,"featured_media":0,"parent":0,"menu_order":0,"comment_status":"closed","ping_status":"closed","template":"","meta":[],"_links":{"self":[{"href":"https:\/\/fotografsverige.se\/index.php?rest_route=\/wp\/v2\/pages\/18"}],"collection":[{"href":"https:\/\/fotografsverige.se\/index.php?rest_route=\/wp\/v2\/pages"}],"about":[{"href":"https:\/\/fotografsverige.se\/index.php?rest_route=\/wp\/v2\/types\/page"}],"author":[{"embeddable":true,"href":"https:\/\/fotografsverige.se\/index.php?rest_route=\/wp\/v2\/users\/1"}],"replies":[{"embeddable":true,"href":"https:\/\/fotografsverige.se\/index.php?rest_route=%2Fwp%2Fv2%2Fcomments&post=18"}],"version-history":[{"count":1,"href":"https:\/\/fotografsverige.se\/index.php?rest_route=\/wp\/v2\/pages\/18\/revisions"}],"predecessor-version":[{"id":19,"href":"https:\/\/fotografsverige.se\/index.php?rest_route=\/wp\/v2\/pages\/18\/revisions\/19"}],"wp:attachment":[{"href":"https:\/\/fotografsverige.se\/index.php?rest_route=%2Fwp%2Fv2%2Fmedia&parent=18"}],"curies":[{"name":"wp","href":"https:\/\/api.w.org\/{rel}","templated":true}]}}