{"id":16,"date":"2019-08-13T12:24:41","date_gmt":"2019-08-13T12:24:41","guid":{"rendered":"http:\/\/fotografsverige.se\/?page_id=16"},"modified":"2019-08-13T12:24:41","modified_gmt":"2019-08-13T12:24:41","slug":"fotograf-falkoping","status":"publish","type":"page","link":"https:\/\/fotografsverige.se\/?page_id=16","title":{"rendered":"Fotograf Falk\u00f6ping"},"content":{"rendered":"\n<p>Staden Falk\u00f6ping ligger i V\u00e4sterg\u00f6tland mitt mellan plat\u00e5bergen M\u00f6sseberg och \u00c5lleberg med knappt tre mil till Tidaholm. H\u00e4r finner du vacker natur, fantastisk utsikt, naturreservat, vandringsstigar och segelflygsmuseum. Plat\u00e5bergen \u00e4r absolut perfekt f\u00f6r dig som s\u00f6ker naturliv och f\u00f6r en fotograf finns det m\u00e5nga p\u00e4rlor att fotografera.<\/p>\n\n\n\n<p>Falk\u00f6ping och Falbygden har sedan bondesten\u00e5ldern varit en jordbruksbygd och p\u00e5 medeltiden var det en viktig handelsplats fr\u00e4mst f\u00f6r kreatur. Nu pr\u00e4glas dock staden av tillverkningsindustrin men jordbruket finns fortfarande kvar som en viktig del och h\u00e4r finner du bland annat Falk\u00f6pings Mejeri som bedriver en viktig mejeriproduktion i Sverige.<\/p>\n\n\n\n<p>Fkpg var l\u00e4nge en av V\u00e4sterg\u00f6tlands minsta st\u00e4der, men p\u00e5 mitten av 1800-talet blev staden snabbt st\u00f6rre d\u00e5 flera j\u00e4rnv\u00e4gar drogs f\u00f6rbi t\u00e4torten och bildade en viktig j\u00e4rnv\u00e4gsknut.<\/p>\n","protected":false},"excerpt":{"rendered":"<p>Staden Falk\u00f6ping ligger i V\u00e4sterg\u00f6tland mitt mellan plat\u00e5bergen M\u00f6sseberg och \u00c5lleberg med knappt tre mil till Tidaholm. H\u00e4r finner du vacker natur, fantastisk utsikt, naturreservat, vandringsstigar och segelflygsmuseum. Plat\u00e5bergen \u00e4r absolut perfekt f\u00f6r dig som s\u00f6ker naturliv och f\u00f6r en fotograf finns det m\u00e5nga p\u00e4rlor att fotografera. Falk\u00f6ping och Falbygden har sedan bondesten\u00e5ldern varit en jordbruksbygd och p\u00e5 medeltiden var det en viktig handelsplats fr\u00e4mst f\u00f6r kreatur. Nu pr\u00e4glas dock staden av tillverkningsindustrin men jordbruket finns fortfarande kvar som en viktig del och h\u00e4r finner du bland annat Falk\u00f6pings Mejeri som bedriver en viktig mejeriproduktion i Sverige. Fkpg var l\u00e4nge en av V\u00e4sterg\u00f6tlands minsta st\u00e4der, men p\u00e5 mitten av 1800-talet blev staden snabbt st\u00f6rre d\u00e5 flera j\u00e4rnv\u00e4gar drogs f\u00f6rbi t\u00e4torten och bildade en viktig j\u00e4rnv\u00e4gsknut.<\/p>\n","protected":false},"author":1,"featured_media":0,"parent":0,"menu_order":0,"comment_status":"closed","ping_status":"closed","template":"","meta":[],"_links":{"self":[{"href":"https:\/\/fotografsverige.se\/index.php?rest_route=\/wp\/v2\/pages\/16"}],"collection":[{"href":"https:\/\/fotografsverige.se\/index.php?rest_route=\/wp\/v2\/pages"}],"about":[{"href":"https:\/\/fotografsverige.se\/index.php?rest_route=\/wp\/v2\/types\/page"}],"author":[{"embeddable":true,"href":"https:\/\/fotografsverige.se\/index.php?rest_route=\/wp\/v2\/users\/1"}],"replies":[{"embeddable":true,"href":"https:\/\/fotografsverige.se\/index.php?rest_route=%2Fwp%2Fv2%2Fcomments&post=16"}],"version-history":[{"count":1,"href":"https:\/\/fotografsverige.se\/index.php?rest_route=\/wp\/v2\/pages\/16\/revisions"}],"predecessor-version":[{"id":17,"href":"https:\/\/fotografsverige.se\/index.php?rest_route=\/wp\/v2\/pages\/16\/revisions\/17"}],"wp:attachment":[{"href":"https:\/\/fotografsverige.se\/index.php?rest_route=%2Fwp%2Fv2%2Fmedia&parent=16"}],"curies":[{"name":"wp","href":"https:\/\/api.w.org\/{rel}","templated":true}]}}