{"id":14,"date":"2019-08-13T12:24:12","date_gmt":"2019-08-13T12:24:12","guid":{"rendered":"http:\/\/fotografsverige.se\/?page_id=14"},"modified":"2019-08-13T12:24:12","modified_gmt":"2019-08-13T12:24:12","slug":"fotograf-mjolby","status":"publish","type":"page","link":"https:\/\/fotografsverige.se\/?page_id=14","title":{"rendered":"Fotograf Mj\u00f6lby"},"content":{"rendered":"\n<p>I \u00d6sterg\u00f6tland finner du staden Mj\u00f6lby som \u00e4r k\u00e4nt som e gammal mj\u00f6lnarstad. Med tanke p\u00e5 forsarna i Svart\u00e5n och den b\u00f6rdiga jorden p\u00e5 den omgivande sl\u00e4tten \u00e4r Mj\u00f6lby en naturlig plats f\u00f6r kvarnar. Det har historiskt sett legat m\u00e5nga kvarnar vid dessa forsar. 2010 lades dock den sista kvarnen ned och avslutade d\u00e4rmed kvarnepoken i staden. Vattenkraften i Svart\u00e5n utnyttjas \u00e4n idag men som fyra elkraftverk bel\u00e4gna inom kommunen. Runt kvarnarna finner du fantastisk natur d\u00e4r du och din fotograf kan ta fantastiska bilder.<\/p>\n\n\n\n<p>Mj\u00f6lby \u00e4r, och har l\u00e4nge varit, en j\u00e4rnv\u00e4gsknut. Stationen sammanbinder S\u00f6dra stambanan med en j\u00e4rnv\u00e4g mot Motala,&nbsp;Link\u00f6ping och andra st\u00e4der.<\/p>\n\n\n\n<p>I Mj\u00f6lby finns det tv\u00e5 stora arenor. Den ena \u00e4r Mantorptravet som bl.a. har ATG-lopp praktiskt taget varje vecka. Detta \u00e4r den k\u00e4nda travh\u00e4sten Ina Scot\u2019s hemmabana. Mantorp Park \u00e4r en bana f\u00f6r bil- och mc-sport d\u00e4r STCC-finalen \u00e4r \u00e5rets h\u00f6jdpunkt.<\/p>\n","protected":false},"excerpt":{"rendered":"<p>I \u00d6sterg\u00f6tland finner du staden Mj\u00f6lby som \u00e4r k\u00e4nt som e gammal mj\u00f6lnarstad. Med tanke p\u00e5 forsarna i Svart\u00e5n och den b\u00f6rdiga jorden p\u00e5 den omgivande sl\u00e4tten \u00e4r Mj\u00f6lby en naturlig plats f\u00f6r kvarnar. Det har historiskt sett legat m\u00e5nga kvarnar vid dessa forsar. 2010 lades dock den sista kvarnen ned och avslutade d\u00e4rmed kvarnepoken i staden. Vattenkraften i Svart\u00e5n utnyttjas \u00e4n idag men som fyra elkraftverk bel\u00e4gna inom kommunen. Runt kvarnarna finner du fantastisk natur d\u00e4r du och din fotograf kan ta fantastiska bilder. Mj\u00f6lby \u00e4r, och har l\u00e4nge varit, en j\u00e4rnv\u00e4gsknut. Stationen sammanbinder S\u00f6dra stambanan med en j\u00e4rnv\u00e4g mot Motala,&nbsp;Link\u00f6ping och andra st\u00e4der. I Mj\u00f6lby finns det tv\u00e5 stora arenor. Den ena \u00e4r Mantorptravet som bl.a. har ATG-lopp praktiskt taget varje vecka. Detta \u00e4r den k\u00e4nda travh\u00e4sten Ina Scot\u2019s hemmabana. Mantorp Park \u00e4r en bana f\u00f6r bil- och mc-sport d\u00e4r STCC-finalen \u00e4r \u00e5rets h\u00f6jdpunkt.<\/p>\n","protected":false},"author":1,"featured_media":0,"parent":0,"menu_order":0,"comment_status":"closed","ping_status":"closed","template":"","meta":[],"_links":{"self":[{"href":"https:\/\/fotografsverige.se\/index.php?rest_route=\/wp\/v2\/pages\/14"}],"collection":[{"href":"https:\/\/fotografsverige.se\/index.php?rest_route=\/wp\/v2\/pages"}],"about":[{"href":"https:\/\/fotografsverige.se\/index.php?rest_route=\/wp\/v2\/types\/page"}],"author":[{"embeddable":true,"href":"https:\/\/fotografsverige.se\/index.php?rest_route=\/wp\/v2\/users\/1"}],"replies":[{"embeddable":true,"href":"https:\/\/fotografsverige.se\/index.php?rest_route=%2Fwp%2Fv2%2Fcomments&post=14"}],"version-history":[{"count":1,"href":"https:\/\/fotografsverige.se\/index.php?rest_route=\/wp\/v2\/pages\/14\/revisions"}],"predecessor-version":[{"id":15,"href":"https:\/\/fotografsverige.se\/index.php?rest_route=\/wp\/v2\/pages\/14\/revisions\/15"}],"wp:attachment":[{"href":"https:\/\/fotografsverige.se\/index.php?rest_route=%2Fwp%2Fv2%2Fmedia&parent=14"}],"curies":[{"name":"wp","href":"https:\/\/api.w.org\/{rel}","templated":true}]}}