{"id":12,"date":"2019-08-13T12:23:32","date_gmt":"2019-08-13T12:23:32","guid":{"rendered":"http:\/\/fotografsverige.se\/?page_id=12"},"modified":"2019-08-13T12:23:32","modified_gmt":"2019-08-13T12:23:32","slug":"fotograf-hudiksvall","status":"publish","type":"page","link":"https:\/\/fotografsverige.se\/?page_id=12","title":{"rendered":"Fotograf Hudiksvall"},"content":{"rendered":"\n<p>L\u00e4ngs kusten i H\u00e4lsingland hittar du staden Hudiksvall. Hudiksvall ligger ca 8 mil s\u00f6der om\u00a0Sundsvall. Smeknamnet Glada Hudvik myntades under 1800-talets senare h\u00e4lft p\u00e5 grund av tr\u00e4patronernas livliga fester och stadens stora s\u00e4llskapsliv.<\/p>\n\n\n\n<p>Hudiksvall \u00e4r en stad som \u00e4r stor inom vintersporter och har bland annat Daniel Richardsson som stor stj\u00e4rna. En annan stor stj\u00e4rna \u00e4r Agneta Sj\u00f6din som v\u00e4xte upp i Hudiksvall och \u00e4r idag k\u00e4nd som programledare och f\u00f6rfattare.<\/p>\n\n\n\n<p>Det var i Hudiksvall, tillsammans med Kalmarsund, som man f\u00f6rst b\u00f6rjade plantera ut Kanadag\u00e5sen i Sverige p\u00e5 1930-talet. Under v\u00e5r och sensommar kan man vid Lillfj\u00e4rden se ett stort antal av en av Sveriges mest s\u00e4llsynta f\u00e5glar, fj\u00e4llg\u00e5sen, stanna till som valt denna lilla sj\u00f6 mitt i en t\u00e4tort som rastplats. H\u00e4r kan en fotograf f\u00e5nga m\u00e5nga fantastiska \u00f6gonblick p\u00e5 bild!<\/p>\n","protected":false},"excerpt":{"rendered":"<p>L\u00e4ngs kusten i H\u00e4lsingland hittar du staden Hudiksvall. Hudiksvall ligger ca 8 mil s\u00f6der om\u00a0Sundsvall. Smeknamnet Glada Hudvik myntades under 1800-talets senare h\u00e4lft p\u00e5 grund av tr\u00e4patronernas livliga fester och stadens stora s\u00e4llskapsliv. Hudiksvall \u00e4r en stad som \u00e4r stor inom vintersporter och har bland annat Daniel Richardsson som stor stj\u00e4rna. En annan stor stj\u00e4rna \u00e4r Agneta Sj\u00f6din som v\u00e4xte upp i Hudiksvall och \u00e4r idag k\u00e4nd som programledare och f\u00f6rfattare. Det var i Hudiksvall, tillsammans med Kalmarsund, som man f\u00f6rst b\u00f6rjade plantera ut Kanadag\u00e5sen i Sverige p\u00e5 1930-talet. Under v\u00e5r och sensommar kan man vid Lillfj\u00e4rden se ett stort antal av en av Sveriges mest s\u00e4llsynta f\u00e5glar, fj\u00e4llg\u00e5sen, stanna till som valt denna lilla sj\u00f6 mitt i en t\u00e4tort som rastplats. H\u00e4r kan en fotograf f\u00e5nga m\u00e5nga fantastiska \u00f6gonblick p\u00e5 bild!<\/p>\n","protected":false},"author":1,"featured_media":0,"parent":0,"menu_order":0,"comment_status":"closed","ping_status":"closed","template":"","meta":[],"_links":{"self":[{"href":"https:\/\/fotografsverige.se\/index.php?rest_route=\/wp\/v2\/pages\/12"}],"collection":[{"href":"https:\/\/fotografsverige.se\/index.php?rest_route=\/wp\/v2\/pages"}],"about":[{"href":"https:\/\/fotografsverige.se\/index.php?rest_route=\/wp\/v2\/types\/page"}],"author":[{"embeddable":true,"href":"https:\/\/fotografsverige.se\/index.php?rest_route=\/wp\/v2\/users\/1"}],"replies":[{"embeddable":true,"href":"https:\/\/fotografsverige.se\/index.php?rest_route=%2Fwp%2Fv2%2Fcomments&post=12"}],"version-history":[{"count":1,"href":"https:\/\/fotografsverige.se\/index.php?rest_route=\/wp\/v2\/pages\/12\/revisions"}],"predecessor-version":[{"id":13,"href":"https:\/\/fotografsverige.se\/index.php?rest_route=\/wp\/v2\/pages\/12\/revisions\/13"}],"wp:attachment":[{"href":"https:\/\/fotografsverige.se\/index.php?rest_route=%2Fwp%2Fv2%2Fmedia&parent=12"}],"curies":[{"name":"wp","href":"https:\/\/api.w.org\/{rel}","templated":true}]}}