{"id":10,"date":"2019-08-13T12:22:52","date_gmt":"2019-08-13T12:22:52","guid":{"rendered":"http:\/\/fotografsverige.se\/?page_id=10"},"modified":"2019-08-13T12:22:52","modified_gmt":"2019-08-13T12:22:52","slug":"fotograf-sandviken","status":"publish","type":"page","link":"https:\/\/fotografsverige.se\/?page_id=10","title":{"rendered":"Fotograf Sandviken"},"content":{"rendered":"\n<p>I G\u00e4striklands sydv\u00e4stra delar finner vi Sandviken, en stad som grundades 1862 och hade vid sekelskiftet Sveriges tredje st\u00f6rsta j\u00e4rnbruk. Staden har v\u00e4xt upp kring j\u00e4rnbruket b\u00e5de vad det g\u00e4ller bost\u00e4der och arbeten. G\u00f6ran Fredrik G\u00f6ransson som \u00e4gde j\u00e4rnbruket n\u00e4r staden v\u00e4xte upp blev v\u00e4ldigt imponerad p\u00e5 en av sina resor utav staden Chicago och anv\u00e4nde det som en f\u00f6rebild n\u00e4r han l\u00e4t staden v\u00e4xa upp runt sitt jernverk.<\/p>\n\n\n\n<p>F\u00f6rutom j\u00e4rnbruket \u00e4r staden v\u00e4ldigt k\u00e4nt f\u00f6r som jazzkultur och har flera storband som t.ex. Sandvikens Big Band.<\/p>\n\n\n\n<p>I sandvikens kommun finns det 16 olika naturreservat d\u00e4r du vinner allt fr\u00e5n fina badplatser till vacker natur och djurliv. Detta \u00e4r platser som en fotograf kan utf\u00f6ra magiska verk p\u00e5.<\/p>\n","protected":false},"excerpt":{"rendered":"<p>I G\u00e4striklands sydv\u00e4stra delar finner vi Sandviken, en stad som grundades 1862 och hade vid sekelskiftet Sveriges tredje st\u00f6rsta j\u00e4rnbruk. Staden har v\u00e4xt upp kring j\u00e4rnbruket b\u00e5de vad det g\u00e4ller bost\u00e4der och arbeten. G\u00f6ran Fredrik G\u00f6ransson som \u00e4gde j\u00e4rnbruket n\u00e4r staden v\u00e4xte upp blev v\u00e4ldigt imponerad p\u00e5 en av sina resor utav staden Chicago och anv\u00e4nde det som en f\u00f6rebild n\u00e4r han l\u00e4t staden v\u00e4xa upp runt sitt jernverk. F\u00f6rutom j\u00e4rnbruket \u00e4r staden v\u00e4ldigt k\u00e4nt f\u00f6r som jazzkultur och har flera storband som t.ex. Sandvikens Big Band. I sandvikens kommun finns det 16 olika naturreservat d\u00e4r du vinner allt fr\u00e5n fina badplatser till vacker natur och djurliv. Detta \u00e4r platser som en fotograf kan utf\u00f6ra magiska verk p\u00e5.<\/p>\n","protected":false},"author":1,"featured_media":0,"parent":0,"menu_order":0,"comment_status":"closed","ping_status":"closed","template":"","meta":[],"_links":{"self":[{"href":"https:\/\/fotografsverige.se\/index.php?rest_route=\/wp\/v2\/pages\/10"}],"collection":[{"href":"https:\/\/fotografsverige.se\/index.php?rest_route=\/wp\/v2\/pages"}],"about":[{"href":"https:\/\/fotografsverige.se\/index.php?rest_route=\/wp\/v2\/types\/page"}],"author":[{"embeddable":true,"href":"https:\/\/fotografsverige.se\/index.php?rest_route=\/wp\/v2\/users\/1"}],"replies":[{"embeddable":true,"href":"https:\/\/fotografsverige.se\/index.php?rest_route=%2Fwp%2Fv2%2Fcomments&post=10"}],"version-history":[{"count":1,"href":"https:\/\/fotografsverige.se\/index.php?rest_route=\/wp\/v2\/pages\/10\/revisions"}],"predecessor-version":[{"id":11,"href":"https:\/\/fotografsverige.se\/index.php?rest_route=\/wp\/v2\/pages\/10\/revisions\/11"}],"wp:attachment":[{"href":"https:\/\/fotografsverige.se\/index.php?rest_route=%2Fwp%2Fv2%2Fmedia&parent=10"}],"curies":[{"name":"wp","href":"https:\/\/api.w.org\/{rel}","templated":true}]}}